{"id":1039,"date":"2014-11-22T09:13:09","date_gmt":"2014-11-22T09:13:09","guid":{"rendered":"http:\/\/www.ernestohernandez.org\/?page_id=1039"},"modified":"2016-06-03T09:02:21","modified_gmt":"2016-06-03T09:02:21","slug":"chapter-4-the-solid-surface","status":"publish","type":"page","link":"http:\/\/www.ernestohernandez.org\/?page_id=1039","title":{"rendered":"Chapter 4: The solid surface"},"content":{"rendered":"","protected":true},"excerpt":{"rendered":"","protected":true},"author":1,"featured_media":0,"parent":660,"menu_order":0,"comment_status":"open","ping_status":"closed","template":"","meta":{"jetpack_post_was_ever_published":false,"footnotes":""},"class_list":["post-1039","page","type-page","status-publish","post-password-required","hentry"],"jetpack_sharing_enabled":true,"jetpack_shortlink":"https:\/\/wp.me\/P6rw5S-gL","jetpack-related-posts":[{"id":660,"url":"http:\/\/www.ernestohernandez.org\/?page_id=660","url_meta":{"origin":1039,"position":0},"title":"Phenomena at the surface","author":"Ernesto Hernandez","date":"July 16, 2014","format":false,"excerpt":"Chapter 1: Introduction to surface properties 1.1 Introduction to interfaces (surfaces) 1.2 The mechanics of surfaces and capillarity 1.3 Thermodynamics of interphases. 1.4 How is surface tension measured? 1.5 Laplace equation: Pressure differences over a curved surface. 1.6 Pressure differences over a uniform flat surface 1.7 Capillary action 1.8 Properties\u2026","rel":"","context":"Similar post","block_context":{"text":"Similar post","link":""},"img":{"alt_text":"","src":"","width":0,"height":0},"classes":[]},{"id":354,"url":"http:\/\/www.ernestohernandez.org\/?page_id=354","url_meta":{"origin":1039,"position":1},"title":"Conference papers","author":"Ernesto Hernandez","date":"August 15, 2013","format":false,"excerpt":"Hern\u00e1ndez, J.E., and Edyvean, R. \u201cAnaerobic treatment of phenol in a two-stage anaerobic reactor.\u201d Waste Management 2004, Rhodes, Greece, 203-211. Hernandez, J. E & Edyvean, R. G. (2005) Anaerobic treatment of phenol in a two-stage anaerobic reactor; 7th World Congress of Chemical Engineering, Glasgow. Hernandez, J. E., Bachmann, R. T.\u2026","rel":"","context":"Similar post","block_context":{"text":"Similar post","link":""},"img":{"alt_text":"","src":"","width":0,"height":0},"classes":[]},{"id":475,"url":"http:\/\/www.ernestohernandez.org\/?page_id=475","url_meta":{"origin":1039,"position":2},"title":"Publications","author":"Ernesto Hernandez","date":"May 3, 2014","format":false,"excerpt":"Peer-reviewed papers Tanimu, I.M., Hernandez, J.E. and Bachmann, R.T. (2025). Biogas potential of oil palm empty fruit bunch and lignocellulosic insoluble fibre components via the syringe bioreactor method.\u00a0Fuel.385 (1), p. 134087. https:\/\/doi.org\/10.1016\/j.fuel.2024.134087 \u00a0 Hernandez, J.E., Espinosa-Solares, T., P\u00e9rez-Cadena, R., T\u00e9llez-Jurado, A. and Ram\u00edrez-Arpide, F.R. (2024). Sustainable agrobiorefinery system for advanced\u2026","rel":"","context":"Similar post","block_context":{"text":"Similar post","link":""},"img":{"alt_text":"","src":"","width":0,"height":0},"classes":[]},{"id":359,"url":"http:\/\/www.ernestohernandez.org\/?page_id=359","url_meta":{"origin":1039,"position":3},"title":"Presentations and posters at conferences","author":"Ernesto Hernandez","date":"August 15, 2013","format":false,"excerpt":"Blanco, D., Hernandez, J.E., Mulas, D. and Gil, M.V. (2007). Genotypic characterization of phenol degrading microbes by applying Temperature Gradient Gel Electrophoresis (TGGE). XXXVI Congress of the Spanish Genetics Society, Leon, Spain. Hernandez, J. E & Edyvean, R. G. (2005) Inhibition of biogas production by substituted phenolic compounds in enriched\u2026","rel":"","context":"Similar post","block_context":{"text":"Similar post","link":""},"img":{"alt_text":"","src":"","width":0,"height":0},"classes":[]},{"id":1872,"url":"http:\/\/www.ernestohernandez.org\/?page_id=1872","url_meta":{"origin":1039,"position":4},"title":"Energ\u00eda y biomasa: \u00e1cido cafeico en residuos org\u00e1nicos y su efecto en el proceso de la digesti\u00f3n","author":"Ernesto Hernandez","date":"February 26, 2018","format":false,"excerpt":"Un contaminante muy com\u00fan en la biomasa El \u00e1cido cafeico es uno de los compuestos fen\u00f3licos que contiene el caf\u00e9, y al igual que muchos \u00e1cidos fen\u00f3licos tambi\u00e9n se encuentra en varios residuos org\u00e1nicos como el esti\u00e9rcol y una variedad de industrias como la producci\u00f3n de aceite de oliva, caf\u00e9,\u2026","rel":"","context":"Similar post","block_context":{"text":"Similar post","link":""},"img":{"alt_text":"Coffee cup tea cup","src":"https:\/\/i0.wp.com\/www.ernestohernandez.org\/wp-content\/uploads\/2018\/02\/IMG_8195-e1519720359111.jpg?fit=1200%2C900&resize=350%2C200","width":350,"height":200,"srcset":"https:\/\/i0.wp.com\/www.ernestohernandez.org\/wp-content\/uploads\/2018\/02\/IMG_8195-e1519720359111.jpg?fit=1200%2C900&resize=350%2C200 1x, https:\/\/i0.wp.com\/www.ernestohernandez.org\/wp-content\/uploads\/2018\/02\/IMG_8195-e1519720359111.jpg?fit=1200%2C900&resize=525%2C300 1.5x, https:\/\/i0.wp.com\/www.ernestohernandez.org\/wp-content\/uploads\/2018\/02\/IMG_8195-e1519720359111.jpg?fit=1200%2C900&resize=700%2C400 2x, https:\/\/i0.wp.com\/www.ernestohernandez.org\/wp-content\/uploads\/2018\/02\/IMG_8195-e1519720359111.jpg?fit=1200%2C900&resize=1050%2C600 3x"},"classes":[]},{"id":5475,"url":"http:\/\/www.ernestohernandez.org\/?page_id=5475","url_meta":{"origin":1039,"position":5},"title":"The future of Bioengineering and its Impact","author":"Ernesto Hernandez","date":"May 21, 2025","format":false,"excerpt":"Here is an overview of the\u00a0future of bioengineering, a field merging biology and information technology to reshape businesses and society. It highlights\u00a0four key areas\u00a0within bioengineering: biomolecules, biosystems, biomachine interfaces, and biocomputing, with biomolecules and biosystems seeing recent significant progress. This text stresses that leaders should pay attention due to the\u2026","rel":"","context":"Similar post","block_context":{"text":"Similar post","link":""},"img":{"alt_text":"","src":"","width":0,"height":0},"classes":[]}],"_links":{"self":[{"href":"http:\/\/www.ernestohernandez.org\/index.php?rest_route=\/wp\/v2\/pages\/1039","targetHints":{"allow":["GET"]}}],"collection":[{"href":"http:\/\/www.ernestohernandez.org\/index.php?rest_route=\/wp\/v2\/pages"}],"about":[{"href":"http:\/\/www.ernestohernandez.org\/index.php?rest_route=\/wp\/v2\/types\/page"}],"author":[{"embeddable":true,"href":"http:\/\/www.ernestohernandez.org\/index.php?rest_route=\/wp\/v2\/users\/1"}],"replies":[{"embeddable":true,"href":"http:\/\/www.ernestohernandez.org\/index.php?rest_route=%2Fwp%2Fv2%2Fcomments&post=1039"}],"version-history":[{"count":10,"href":"http:\/\/www.ernestohernandez.org\/index.php?rest_route=\/wp\/v2\/pages\/1039\/revisions"}],"predecessor-version":[{"id":1097,"href":"http:\/\/www.ernestohernandez.org\/index.php?rest_route=\/wp\/v2\/pages\/1039\/revisions\/1097"}],"up":[{"embeddable":true,"href":"http:\/\/www.ernestohernandez.org\/index.php?rest_route=\/wp\/v2\/pages\/660"}],"wp:attachment":[{"href":"http:\/\/www.ernestohernandez.org\/index.php?rest_route=%2Fwp%2Fv2%2Fmedia&parent=1039"}],"curies":[{"name":"wp","href":"https:\/\/api.w.org\/{rel}","templated":true}]}}