{"id":1117,"date":"2015-02-11T07:56:05","date_gmt":"2015-02-11T07:56:05","guid":{"rendered":"http:\/\/www.ernestohernandez.org\/?page_id=1117"},"modified":"2015-02-11T07:57:23","modified_gmt":"2015-02-11T07:57:23","slug":"bioenergy-from-cheese-industry","status":"publish","type":"page","link":"http:\/\/www.ernestohernandez.org\/?page_id=1117","title":{"rendered":"Bioenergy from cheese industry"},"content":{"rendered":"<p><strong><span style=\"color: #333333; font-family: 'Helvetica','sans-serif'; font-size: 14pt;\"><a href=\"https:\/\/i0.wp.com\/www.ernestohernandez.org\/wp-content\/uploads\/2013\/03\/Cerdan.jpg\"><img data-recalc-dims=\"1\" loading=\"lazy\" decoding=\"async\" data-attachment-id=\"137\" data-permalink=\"http:\/\/www.ernestohernandez.org\/?attachment_id=137\" data-orig-file=\"https:\/\/i0.wp.com\/www.ernestohernandez.org\/wp-content\/uploads\/2013\/03\/Cerdan.jpg?fit=250%2C369\" data-orig-size=\"250,369\" data-comments-opened=\"1\" data-image-meta=\"{&quot;aperture&quot;:&quot;0&quot;,&quot;credit&quot;:&quot;&quot;,&quot;camera&quot;:&quot;&quot;,&quot;caption&quot;:&quot;&quot;,&quot;created_timestamp&quot;:&quot;0&quot;,&quot;copyright&quot;:&quot;&quot;,&quot;focal_length&quot;:&quot;0&quot;,&quot;iso&quot;:&quot;0&quot;,&quot;shutter_speed&quot;:&quot;0&quot;,&quot;title&quot;:&quot;&quot;}\" data-image-title=\"Advances in cheese whey utilization\" data-image-description=\"\" data-image-caption=\"\" data-medium-file=\"https:\/\/i0.wp.com\/www.ernestohernandez.org\/wp-content\/uploads\/2013\/03\/Cerdan.jpg?fit=203%2C300\" data-large-file=\"https:\/\/i0.wp.com\/www.ernestohernandez.org\/wp-content\/uploads\/2013\/03\/Cerdan.jpg?fit=250%2C369\" class=\"alignleft wp-image-137 \" src=\"https:\/\/i0.wp.com\/www.ernestohernandez.org\/wp-content\/uploads\/2013\/03\/Cerdan.jpg?resize=201%2C291\" alt=\"Advances in cheese whey utilization\" width=\"201\" height=\"291\" \/><\/a><\/span><\/strong>We focused at carrying out research in bioenergy production from anaerobic microbial bioreactors treating oleic acid, which is present in fats released by the dairy industry. Cheese whey is also a by-product from dairy industry that at the right conditions may serve as biomass for bioenergy production.<\/p>\n<p>&nbsp;<\/p>\n<p>&nbsp;<\/p>\n<p>&nbsp;<\/p>\n","protected":false},"excerpt":{"rendered":"<p>We focused at carrying out research in bioenergy production from anaerobic microbial bioreactors treating oleic acid, which is present in fats released by the dairy industry. Cheese whey is also a by-product from dairy industry that at the right conditions may serve as biomass for bioenergy production. &nbsp; &nbsp; &nbsp;<\/p>\n","protected":false},"author":1,"featured_media":0,"parent":0,"menu_order":0,"comment_status":"open","ping_status":"open","template":"","meta":{"jetpack_post_was_ever_published":false,"footnotes":""},"class_list":["post-1117","page","type-page","status-publish","hentry"],"jetpack_sharing_enabled":true,"jetpack_shortlink":"https:\/\/wp.me\/P6rw5S-i1","jetpack-related-posts":[{"id":335,"url":"http:\/\/www.ernestohernandez.org\/?page_id=335","url_meta":{"origin":1117,"position":0},"title":"Research","author":"Ernesto Hernandez","date":"August 15, 2013","format":false,"excerpt":"\"Nature is my\u00a0inspiration, it\u00a0motivates me to apply the tenets of chemical engineering to solve some of the current challenges faced by humankind \u2013I may call this, bioinspired chemical engineering\" \u00a0 Value-added chemicals from biomass Functional food from biomass bioprocessing Microbial enhanced oil recovery Bioenergy from cheese industry Molecular identification of\u2026","rel":"","context":"Similar post","block_context":{"text":"Similar post","link":""},"img":{"alt_text":"","src":"","width":0,"height":0},"classes":[]},{"id":109,"url":"http:\/\/www.ernestohernandez.org\/?page_id=109","url_meta":{"origin":1117,"position":1},"title":"Lectures","author":"Ernesto Hernandez","date":"June 3, 2012","format":false,"excerpt":"Manchester Looking into the Future 13thJuly and 8th of August 2013. The University of Manchester, U.K. Challenges for sustainable biorefineries 7th May 2012. The University of Manchester, U.K. Complex Microbial Biocatalysts for Future Bioprocesses and Biorefineries 1st May 2012. The University of Manchester, UK. Life cycle assessment for biorefineries 19th\u2026","rel":"","context":"Similar post","block_context":{"text":"Similar post","link":""},"img":{"alt_text":"","src":"","width":0,"height":0},"classes":[]},{"id":475,"url":"http:\/\/www.ernestohernandez.org\/?page_id=475","url_meta":{"origin":1117,"position":2},"title":"Publications","author":"Ernesto Hernandez","date":"May 3, 2014","format":false,"excerpt":"Peer-reviewed papers Tanimu, I.M., Hernandez, J.E. and Bachmann, R.T. (2025). Biogas potential of oil palm empty fruit bunch and lignocellulosic insoluble fibre components via the syringe bioreactor method.\u00a0Fuel.385 (1), p. 134087. https:\/\/doi.org\/10.1016\/j.fuel.2024.134087 \u00a0 Hernandez, J.E., Espinosa-Solares, T., P\u00e9rez-Cadena, R., T\u00e9llez-Jurado, A. and Ram\u00edrez-Arpide, F.R. (2024). Sustainable agrobiorefinery system for advanced\u2026","rel":"","context":"Similar post","block_context":{"text":"Similar post","link":""},"img":{"alt_text":"","src":"","width":0,"height":0},"classes":[]},{"id":341,"url":"http:\/\/www.ernestohernandez.org\/?page_id=341","url_meta":{"origin":1117,"position":3},"title":"Book chapters","author":"Ernesto Hernandez","date":"August 15, 2013","format":false,"excerpt":"Bachmann, R.T., Johnson, A.C. & Hernandez J.E. (2008). Biogas production from cheese whey: Past, present and future. In: Advances in Cheese Whey Utilization, 2008: ISBN: 978-81-7895-359-5.; Editors: Ma Esperanza Cerd\u00e1n, Ma Isabel Gonz\u00e1lez-Siso and Manuel Bacerra. \u00a0 \u00a0","rel":"","context":"Similar post","block_context":{"text":"Similar post","link":""},"img":{"alt_text":"Ernesto Hernandez","src":"https:\/\/i0.wp.com\/www.ernestohernandez.org\/wp-content\/uploads\/2013\/03\/Cerdan.jpg?resize=350%2C200","width":350,"height":200},"classes":[]},{"id":1108,"url":"http:\/\/www.ernestohernandez.org\/?page_id=1108","url_meta":{"origin":1117,"position":4},"title":"Value-added chemicals from biomass","author":"Ernesto Hernandez","date":"February 11, 2015","format":false,"excerpt":"Value-added chemicals from biomass In this UK industry-sponsored project, we aimed at developing integrated bioprocess for the conversion of biomass to added-value products, e.g cells, enzymes, sugars, oils and biofuels. We delivered a novel process for adding value to algae residue by producing more microbial oil in additional steps -as\u2026","rel":"","context":"Similar post","block_context":{"text":"Similar post","link":""},"img":{"alt_text":"Automatic small digester","src":"https:\/\/i0.wp.com\/www.ernestohernandez.org\/wp-content\/uploads\/2018\/05\/34079089490_afff700c36_o.jpg?fit=1200%2C900&resize=350%2C200","width":350,"height":200,"srcset":"https:\/\/i0.wp.com\/www.ernestohernandez.org\/wp-content\/uploads\/2018\/05\/34079089490_afff700c36_o.jpg?fit=1200%2C900&resize=350%2C200 1x, https:\/\/i0.wp.com\/www.ernestohernandez.org\/wp-content\/uploads\/2018\/05\/34079089490_afff700c36_o.jpg?fit=1200%2C900&resize=525%2C300 1.5x, https:\/\/i0.wp.com\/www.ernestohernandez.org\/wp-content\/uploads\/2018\/05\/34079089490_afff700c36_o.jpg?fit=1200%2C900&resize=700%2C400 2x, https:\/\/i0.wp.com\/www.ernestohernandez.org\/wp-content\/uploads\/2018\/05\/34079089490_afff700c36_o.jpg?fit=1200%2C900&resize=1050%2C600 3x"},"classes":[]},{"id":5475,"url":"http:\/\/www.ernestohernandez.org\/?page_id=5475","url_meta":{"origin":1117,"position":5},"title":"The future of Bioengineering and its Impact","author":"Ernesto Hernandez","date":"May 21, 2025","format":false,"excerpt":"Here is an overview of the\u00a0future of bioengineering, a field merging biology and information technology to reshape businesses and society. It highlights\u00a0four key areas\u00a0within bioengineering: biomolecules, biosystems, biomachine interfaces, and biocomputing, with biomolecules and biosystems seeing recent significant progress. This text stresses that leaders should pay attention due to the\u2026","rel":"","context":"Similar post","block_context":{"text":"Similar post","link":""},"img":{"alt_text":"","src":"","width":0,"height":0},"classes":[]}],"_links":{"self":[{"href":"http:\/\/www.ernestohernandez.org\/index.php?rest_route=\/wp\/v2\/pages\/1117","targetHints":{"allow":["GET"]}}],"collection":[{"href":"http:\/\/www.ernestohernandez.org\/index.php?rest_route=\/wp\/v2\/pages"}],"about":[{"href":"http:\/\/www.ernestohernandez.org\/index.php?rest_route=\/wp\/v2\/types\/page"}],"author":[{"embeddable":true,"href":"http:\/\/www.ernestohernandez.org\/index.php?rest_route=\/wp\/v2\/users\/1"}],"replies":[{"embeddable":true,"href":"http:\/\/www.ernestohernandez.org\/index.php?rest_route=%2Fwp%2Fv2%2Fcomments&post=1117"}],"version-history":[{"count":1,"href":"http:\/\/www.ernestohernandez.org\/index.php?rest_route=\/wp\/v2\/pages\/1117\/revisions"}],"predecessor-version":[{"id":1118,"href":"http:\/\/www.ernestohernandez.org\/index.php?rest_route=\/wp\/v2\/pages\/1117\/revisions\/1118"}],"wp:attachment":[{"href":"http:\/\/www.ernestohernandez.org\/index.php?rest_route=%2Fwp%2Fv2%2Fmedia&parent=1117"}],"curies":[{"name":"wp","href":"https:\/\/api.w.org\/{rel}","templated":true}]}}