{"id":1607,"date":"2016-09-29T15:37:22","date_gmt":"2016-09-29T15:37:22","guid":{"rendered":"http:\/\/www.ernestohernandez.org\/?page_id=1607"},"modified":"2017-08-22T20:12:45","modified_gmt":"2017-08-22T20:12:45","slug":"1-3-thermodynamics-of-interphases","status":"publish","type":"page","link":"http:\/\/www.ernestohernandez.org\/?page_id=1607","title":{"rendered":"1.3 Thermodynamics of interphases"},"content":{"rendered":"","protected":true},"excerpt":{"rendered":"","protected":true},"author":1,"featured_media":0,"parent":0,"menu_order":0,"comment_status":"closed","ping_status":"closed","template":"","meta":{"jetpack_post_was_ever_published":false,"footnotes":""},"class_list":["post-1607","page","type-page","status-publish","post-password-required","hentry"],"jetpack_sharing_enabled":true,"jetpack_shortlink":"https:\/\/wp.me\/P6rw5S-pV","jetpack-related-posts":[{"id":660,"url":"http:\/\/www.ernestohernandez.org\/?page_id=660","url_meta":{"origin":1607,"position":0},"title":"Phenomena at the surface","author":"Ernesto Hernandez","date":"July 16, 2014","format":false,"excerpt":"Chapter 1: Introduction to surface properties 1.1 Introduction to interfaces (surfaces) 1.2 The mechanics of surfaces and capillarity 1.3 Thermodynamics of interphases. 1.4 How is surface tension measured? 1.5 Laplace equation: Pressure differences over a curved surface. 1.6 Pressure differences over a uniform flat surface 1.7 Capillary action 1.8 Properties\u2026","rel":"","context":"Similar post","block_context":{"text":"Similar post","link":""},"img":{"alt_text":"","src":"","width":0,"height":0},"classes":[]},{"id":475,"url":"http:\/\/www.ernestohernandez.org\/?page_id=475","url_meta":{"origin":1607,"position":1},"title":"Publications","author":"Ernesto Hernandez","date":"May 3, 2014","format":false,"excerpt":"Peer-reviewed papers Tanimu, I.M., Hernandez, J.E. and Bachmann, R.T. (2025). Biogas potential of oil palm empty fruit bunch and lignocellulosic insoluble fibre components via the syringe bioreactor method.\u00a0Fuel.385 (1), p. 134087. https:\/\/doi.org\/10.1016\/j.fuel.2024.134087 \u00a0 Hernandez, J.E., Espinosa-Solares, T., P\u00e9rez-Cadena, R., T\u00e9llez-Jurado, A. and Ram\u00edrez-Arpide, F.R. (2024). Sustainable agrobiorefinery system for advanced\u2026","rel":"","context":"Similar post","block_context":{"text":"Similar post","link":""},"img":{"alt_text":"","src":"","width":0,"height":0},"classes":[]},{"id":359,"url":"http:\/\/www.ernestohernandez.org\/?page_id=359","url_meta":{"origin":1607,"position":2},"title":"Presentations and posters at conferences","author":"Ernesto Hernandez","date":"August 15, 2013","format":false,"excerpt":"Blanco, D., Hernandez, J.E., Mulas, D. and Gil, M.V. (2007). Genotypic characterization of phenol degrading microbes by applying Temperature Gradient Gel Electrophoresis (TGGE). XXXVI Congress of the Spanish Genetics Society, Leon, Spain. Hernandez, J. E & Edyvean, R. G. (2005) Inhibition of biogas production by substituted phenolic compounds in enriched\u2026","rel":"","context":"Similar post","block_context":{"text":"Similar post","link":""},"img":{"alt_text":"","src":"","width":0,"height":0},"classes":[]},{"id":5475,"url":"http:\/\/www.ernestohernandez.org\/?page_id=5475","url_meta":{"origin":1607,"position":3},"title":"The future of Bioengineering and its Impact","author":"Ernesto Hernandez","date":"May 21, 2025","format":false,"excerpt":"Here is an overview of the\u00a0future of bioengineering, a field merging biology and information technology to reshape businesses and society. It highlights\u00a0four key areas\u00a0within bioengineering: biomolecules, biosystems, biomachine interfaces, and biocomputing, with biomolecules and biosystems seeing recent significant progress. This text stresses that leaders should pay attention due to the\u2026","rel":"","context":"Similar post","block_context":{"text":"Similar post","link":""},"img":{"alt_text":"","src":"","width":0,"height":0},"classes":[]},{"id":395,"url":"http:\/\/www.ernestohernandez.org\/?page_id=395","url_meta":{"origin":1607,"position":4},"title":"Health benefits and production of probiotics, prebiotics and symbiotics","author":"Ernesto Hernandez","date":"October 24, 2013","format":false,"excerpt":"How\u00a0could you be healthy for longer? People around the globe are more aware of the impact of food on health and general wellbeing, and the\u00a0answer has been targeted by an overwhelming amount of information that keeps rocketing regardless the language barrier, believes or cultural backgrounds. But, when it is time\u00a0to\u2026","rel":"","context":"Similar post","block_context":{"text":"Similar post","link":""},"img":{"alt_text":"","src":"","width":0,"height":0},"classes":[]}],"_links":{"self":[{"href":"http:\/\/www.ernestohernandez.org\/index.php?rest_route=\/wp\/v2\/pages\/1607","targetHints":{"allow":["GET"]}}],"collection":[{"href":"http:\/\/www.ernestohernandez.org\/index.php?rest_route=\/wp\/v2\/pages"}],"about":[{"href":"http:\/\/www.ernestohernandez.org\/index.php?rest_route=\/wp\/v2\/types\/page"}],"author":[{"embeddable":true,"href":"http:\/\/www.ernestohernandez.org\/index.php?rest_route=\/wp\/v2\/users\/1"}],"replies":[{"embeddable":true,"href":"http:\/\/www.ernestohernandez.org\/index.php?rest_route=%2Fwp%2Fv2%2Fcomments&post=1607"}],"version-history":[{"count":1,"href":"http:\/\/www.ernestohernandez.org\/index.php?rest_route=\/wp\/v2\/pages\/1607\/revisions"}],"predecessor-version":[{"id":1608,"href":"http:\/\/www.ernestohernandez.org\/index.php?rest_route=\/wp\/v2\/pages\/1607\/revisions\/1608"}],"wp:attachment":[{"href":"http:\/\/www.ernestohernandez.org\/index.php?rest_route=%2Fwp%2Fv2%2Fmedia&parent=1607"}],"curies":[{"name":"wp","href":"https:\/\/api.w.org\/{rel}","templated":true}]}}