{"id":1615,"date":"2016-09-29T15:43:36","date_gmt":"2016-09-29T15:43:36","guid":{"rendered":"http:\/\/www.ernestohernandez.org\/?page_id=1615"},"modified":"2017-08-22T20:10:25","modified_gmt":"2017-08-22T20:10:25","slug":"1-6-pressure-differences-over-a-uniform-flat-surface","status":"publish","type":"page","link":"http:\/\/www.ernestohernandez.org\/?page_id=1615","title":{"rendered":"1.6 Pressure differences over a uniform flat surface"},"content":{"rendered":"","protected":true},"excerpt":{"rendered":"","protected":true},"author":1,"featured_media":0,"parent":0,"menu_order":0,"comment_status":"closed","ping_status":"closed","template":"","meta":{"jetpack_post_was_ever_published":false,"footnotes":""},"class_list":["post-1615","page","type-page","status-publish","post-password-required","hentry"],"jetpack_sharing_enabled":true,"jetpack_shortlink":"https:\/\/wp.me\/P6rw5S-q3","jetpack-related-posts":[{"id":660,"url":"http:\/\/www.ernestohernandez.org\/?page_id=660","url_meta":{"origin":1615,"position":0},"title":"Phenomena at the surface","author":"Ernesto Hernandez","date":"July 16, 2014","format":false,"excerpt":"Chapter 1: Introduction to surface properties 1.1 Introduction to interfaces (surfaces) 1.2 The mechanics of surfaces and capillarity 1.3 Thermodynamics of interphases. 1.4 How is surface tension measured? 1.5 Laplace equation: Pressure differences over a curved surface. 1.6 Pressure differences over a uniform flat surface 1.7 Capillary action 1.8 Properties\u2026","rel":"","context":"Similar post","block_context":{"text":"Similar post","link":""},"img":{"alt_text":"","src":"","width":0,"height":0},"classes":[]},{"id":1104,"url":"http:\/\/www.ernestohernandez.org\/?page_id=1104","url_meta":{"origin":1615,"position":1},"title":"Videos","author":"Ernesto Hernandez","date":"August 19, 2015","format":false,"excerpt":"https:\/\/youtu.be\/dY6L9sxg4QE In this lecture I will show you how to find the Laplace equation so that you can calculate the internal pressure in droplets. If you have hearing problems click here to read the script","rel":"","context":"Similar post","block_context":{"text":"Similar post","link":""},"img":{"alt_text":"","src":"https:\/\/i0.wp.com\/img.youtube.com\/vi\/dY6L9sxg4QE\/0.jpg?resize=350%2C200","width":350,"height":200},"classes":[]},{"id":1123,"url":"http:\/\/www.ernestohernandez.org\/?page_id=1123","url_meta":{"origin":1615,"position":2},"title":"Two-stage anaerobic digestion (TSAD)","author":"Ernesto Hernandez","date":"February 11, 2015","format":false,"excerpt":"Two-stage anaerobic digestion (TSAD) Phenol is a widespread pollutant in many industrial wastewaters. It diminishes biogas formation in anaerobic digesters. We found that a two-stage anaerobic digester (acidogenic and methanogenic) fermented nutrients without inhibition by accumulation of phenol. The acidogenic reactor also prevented inhibition of biogas formation in the second\u2026","rel":"","context":"Similar post","block_context":{"text":"Similar post","link":""},"img":{"alt_text":"Two stage anaerobic digestion","src":"https:\/\/i0.wp.com\/www.ernestohernandez.org\/wp-content\/uploads\/2013\/10\/Two-stage-anaerobic-digestion.png?resize=350%2C200","width":350,"height":200,"srcset":"https:\/\/i0.wp.com\/www.ernestohernandez.org\/wp-content\/uploads\/2013\/10\/Two-stage-anaerobic-digestion.png?resize=350%2C200 1x, https:\/\/i0.wp.com\/www.ernestohernandez.org\/wp-content\/uploads\/2013\/10\/Two-stage-anaerobic-digestion.png?resize=525%2C300 1.5x, https:\/\/i0.wp.com\/www.ernestohernandez.org\/wp-content\/uploads\/2013\/10\/Two-stage-anaerobic-digestion.png?resize=700%2C400 2x"},"classes":[]},{"id":475,"url":"http:\/\/www.ernestohernandez.org\/?page_id=475","url_meta":{"origin":1615,"position":3},"title":"Publications","author":"Ernesto Hernandez","date":"May 3, 2014","format":false,"excerpt":"Peer-reviewed papers Tanimu, I.M., Hernandez, J.E. and Bachmann, R.T. (2025). Biogas potential of oil palm empty fruit bunch and lignocellulosic insoluble fibre components via the syringe bioreactor method.\u00a0Fuel.385 (1), p. 134087. https:\/\/doi.org\/10.1016\/j.fuel.2024.134087 \u00a0 Hernandez, J.E., Espinosa-Solares, T., P\u00e9rez-Cadena, R., T\u00e9llez-Jurado, A. and Ram\u00edrez-Arpide, F.R. (2024). Sustainable agrobiorefinery system for advanced\u2026","rel":"","context":"Similar post","block_context":{"text":"Similar post","link":""},"img":{"alt_text":"","src":"","width":0,"height":0},"classes":[]},{"id":1108,"url":"http:\/\/www.ernestohernandez.org\/?page_id=1108","url_meta":{"origin":1615,"position":4},"title":"Value-added chemicals from biomass","author":"Ernesto Hernandez","date":"February 11, 2015","format":false,"excerpt":"Value-added chemicals from biomass In this UK industry-sponsored project, we aimed at developing integrated bioprocess for the conversion of biomass to added-value products, e.g cells, enzymes, sugars, oils and biofuels. We delivered a novel process for adding value to algae residue by producing more microbial oil in additional steps -as\u2026","rel":"","context":"Similar post","block_context":{"text":"Similar post","link":""},"img":{"alt_text":"Automatic small digester","src":"https:\/\/i0.wp.com\/www.ernestohernandez.org\/wp-content\/uploads\/2018\/05\/34079089490_afff700c36_o.jpg?fit=1200%2C900&resize=350%2C200","width":350,"height":200,"srcset":"https:\/\/i0.wp.com\/www.ernestohernandez.org\/wp-content\/uploads\/2018\/05\/34079089490_afff700c36_o.jpg?fit=1200%2C900&resize=350%2C200 1x, https:\/\/i0.wp.com\/www.ernestohernandez.org\/wp-content\/uploads\/2018\/05\/34079089490_afff700c36_o.jpg?fit=1200%2C900&resize=525%2C300 1.5x, https:\/\/i0.wp.com\/www.ernestohernandez.org\/wp-content\/uploads\/2018\/05\/34079089490_afff700c36_o.jpg?fit=1200%2C900&resize=700%2C400 2x, https:\/\/i0.wp.com\/www.ernestohernandez.org\/wp-content\/uploads\/2018\/05\/34079089490_afff700c36_o.jpg?fit=1200%2C900&resize=1050%2C600 3x"},"classes":[]},{"id":359,"url":"http:\/\/www.ernestohernandez.org\/?page_id=359","url_meta":{"origin":1615,"position":5},"title":"Presentations and posters at conferences","author":"Ernesto Hernandez","date":"August 15, 2013","format":false,"excerpt":"Blanco, D., Hernandez, J.E., Mulas, D. and Gil, M.V. (2007). Genotypic characterization of phenol degrading microbes by applying Temperature Gradient Gel Electrophoresis (TGGE). XXXVI Congress of the Spanish Genetics Society, Leon, Spain. Hernandez, J. E & Edyvean, R. G. (2005) Inhibition of biogas production by substituted phenolic compounds in enriched\u2026","rel":"","context":"Similar post","block_context":{"text":"Similar post","link":""},"img":{"alt_text":"","src":"","width":0,"height":0},"classes":[]}],"_links":{"self":[{"href":"http:\/\/www.ernestohernandez.org\/index.php?rest_route=\/wp\/v2\/pages\/1615","targetHints":{"allow":["GET"]}}],"collection":[{"href":"http:\/\/www.ernestohernandez.org\/index.php?rest_route=\/wp\/v2\/pages"}],"about":[{"href":"http:\/\/www.ernestohernandez.org\/index.php?rest_route=\/wp\/v2\/types\/page"}],"author":[{"embeddable":true,"href":"http:\/\/www.ernestohernandez.org\/index.php?rest_route=\/wp\/v2\/users\/1"}],"replies":[{"embeddable":true,"href":"http:\/\/www.ernestohernandez.org\/index.php?rest_route=%2Fwp%2Fv2%2Fcomments&post=1615"}],"version-history":[{"count":1,"href":"http:\/\/www.ernestohernandez.org\/index.php?rest_route=\/wp\/v2\/pages\/1615\/revisions"}],"predecessor-version":[{"id":1616,"href":"http:\/\/www.ernestohernandez.org\/index.php?rest_route=\/wp\/v2\/pages\/1615\/revisions\/1616"}],"wp:attachment":[{"href":"http:\/\/www.ernestohernandez.org\/index.php?rest_route=%2Fwp%2Fv2%2Fmedia&parent=1615"}],"curies":[{"name":"wp","href":"https:\/\/api.w.org\/{rel}","templated":true}]}}