{"id":1618,"date":"2016-09-29T15:46:06","date_gmt":"2016-09-29T15:46:06","guid":{"rendered":"http:\/\/www.ernestohernandez.org\/?page_id=1618"},"modified":"2017-08-22T20:10:50","modified_gmt":"2017-08-22T20:10:50","slug":"1-7-capillary-action","status":"publish","type":"page","link":"http:\/\/www.ernestohernandez.org\/?page_id=1618","title":{"rendered":"1.7 Capillary action"},"content":{"rendered":"","protected":true},"excerpt":{"rendered":"","protected":true},"author":1,"featured_media":0,"parent":0,"menu_order":0,"comment_status":"closed","ping_status":"closed","template":"","meta":{"jetpack_post_was_ever_published":false,"footnotes":""},"class_list":["post-1618","page","type-page","status-publish","post-password-required","hentry"],"jetpack_sharing_enabled":true,"jetpack_shortlink":"https:\/\/wp.me\/P6rw5S-q6","jetpack-related-posts":[{"id":660,"url":"http:\/\/www.ernestohernandez.org\/?page_id=660","url_meta":{"origin":1618,"position":0},"title":"Phenomena at the surface","author":"Ernesto Hernandez","date":"July 16, 2014","format":false,"excerpt":"Chapter 1: Introduction to surface properties 1.1 Introduction to interfaces (surfaces) 1.2 The mechanics of surfaces and capillarity 1.3 Thermodynamics of interphases. 1.4 How is surface tension measured? 1.5 Laplace equation: Pressure differences over a curved surface. 1.6 Pressure differences over a uniform flat surface 1.7 Capillary action 1.8 Properties\u2026","rel":"","context":"Similar post","block_context":{"text":"Similar post","link":""},"img":{"alt_text":"","src":"","width":0,"height":0},"classes":[]},{"id":475,"url":"http:\/\/www.ernestohernandez.org\/?page_id=475","url_meta":{"origin":1618,"position":1},"title":"Publications","author":"Ernesto Hernandez","date":"May 3, 2014","format":false,"excerpt":"Peer-reviewed papers Tanimu, I.M., Hernandez, J.E. and Bachmann, R.T. (2025). Biogas potential of oil palm empty fruit bunch and lignocellulosic insoluble fibre components via the syringe bioreactor method.\u00a0Fuel.385 (1), p. 134087. https:\/\/doi.org\/10.1016\/j.fuel.2024.134087 \u00a0 Hernandez, J.E., Espinosa-Solares, T., P\u00e9rez-Cadena, R., T\u00e9llez-Jurado, A. and Ram\u00edrez-Arpide, F.R. (2024). Sustainable agrobiorefinery system for advanced\u2026","rel":"","context":"Similar post","block_context":{"text":"Similar post","link":""},"img":{"alt_text":"","src":"","width":0,"height":0},"classes":[]},{"id":1708,"url":"http:\/\/www.ernestohernandez.org\/?page_id=1708","url_meta":{"origin":1618,"position":2},"title":"Por qu\u00e9 somos diferentes -cuantos genes?","author":"Ernesto Hernandez","date":"January 26, 2017","format":false,"excerpt":"https:\/\/youtu.be\/QVbWiBT8g14 SI QUIERES APOYAR: MANITA ARRIBA Y COMPARTELO, GRACIAS!!! \u2665Suscribirse al canal Caos \u2665Facebook: https:\/\/www.facebook.com\/iCaosv\/ \u2665Twitter:https:\/\/twitter.com\/iCaosv \u2665Contactar: vchaosnow@gmail.com \u2665Referencias, notas y m\u00e1s: http:\/\/www.ernestohernandez.org\/?page_id=1708 \u00bfCuantos genes ser\u00edan necesarios para que todos fu\u00e9ramos diferentes? He calculado un n\u00famero. \u00bfCu\u00e1l es? Aqu\u00ed te doy unas pistas:\u00a0 Barcelona, sudoku, rosario, factorizaci\u00f3n, Alejandro magno, combinar,\u2026","rel":"","context":"Similar post","block_context":{"text":"Similar post","link":""},"img":{"alt_text":"Caos Channel Brand Logo Ernesto Hernandez","src":"https:\/\/i0.wp.com\/www.ernestohernandez.org\/wp-content\/uploads\/2016\/11\/Caos-channel-art.jpg?fit=1200%2C675&resize=350%2C200","width":350,"height":200,"srcset":"https:\/\/i0.wp.com\/www.ernestohernandez.org\/wp-content\/uploads\/2016\/11\/Caos-channel-art.jpg?fit=1200%2C675&resize=350%2C200 1x, https:\/\/i0.wp.com\/www.ernestohernandez.org\/wp-content\/uploads\/2016\/11\/Caos-channel-art.jpg?fit=1200%2C675&resize=525%2C300 1.5x, https:\/\/i0.wp.com\/www.ernestohernandez.org\/wp-content\/uploads\/2016\/11\/Caos-channel-art.jpg?fit=1200%2C675&resize=700%2C400 2x, https:\/\/i0.wp.com\/www.ernestohernandez.org\/wp-content\/uploads\/2016\/11\/Caos-channel-art.jpg?fit=1200%2C675&resize=1050%2C600 3x"},"classes":[]}],"_links":{"self":[{"href":"http:\/\/www.ernestohernandez.org\/index.php?rest_route=\/wp\/v2\/pages\/1618","targetHints":{"allow":["GET"]}}],"collection":[{"href":"http:\/\/www.ernestohernandez.org\/index.php?rest_route=\/wp\/v2\/pages"}],"about":[{"href":"http:\/\/www.ernestohernandez.org\/index.php?rest_route=\/wp\/v2\/types\/page"}],"author":[{"embeddable":true,"href":"http:\/\/www.ernestohernandez.org\/index.php?rest_route=\/wp\/v2\/users\/1"}],"replies":[{"embeddable":true,"href":"http:\/\/www.ernestohernandez.org\/index.php?rest_route=%2Fwp%2Fv2%2Fcomments&post=1618"}],"version-history":[{"count":1,"href":"http:\/\/www.ernestohernandez.org\/index.php?rest_route=\/wp\/v2\/pages\/1618\/revisions"}],"predecessor-version":[{"id":1619,"href":"http:\/\/www.ernestohernandez.org\/index.php?rest_route=\/wp\/v2\/pages\/1618\/revisions\/1619"}],"wp:attachment":[{"href":"http:\/\/www.ernestohernandez.org\/index.php?rest_route=%2Fwp%2Fv2%2Fmedia&parent=1618"}],"curies":[{"name":"wp","href":"https:\/\/api.w.org\/{rel}","templated":true}]}}