{"id":21,"date":"2012-01-19T12:20:39","date_gmt":"2012-01-19T12:20:39","guid":{"rendered":"http:\/\/ernestohernandez.org\/?page_id=21"},"modified":"2014-09-02T08:03:51","modified_gmt":"2014-09-02T08:03:51","slug":"publications","status":"publish","type":"page","link":"http:\/\/www.ernestohernandez.org\/?page_id=21","title":{"rendered":"Output"},"content":{"rendered":"<p>&nbsp;<\/p>\n<p>&nbsp;<\/p>\n<p><strong><span style=\"color: #000000;\"><a title=\"Biotech reading for everybody\" href=\"http:\/\/www.ernestohernandez.org\/?page_id=365\"><span style=\"color: #000000;\">Biotech reading for everybody<\/span><\/a><\/span><\/strong><\/p>\n<p><a title=\"Book chapters\" href=\"http:\/\/www.ernestohernandez.org\/?page_id=341\" target=\"_blank\"><strong><span style=\"color: #000000;\">Book chapters<\/span><\/strong><\/a><\/p>\n<p><span style=\"color: #000000;\"><strong><a title=\"Conference papers\" href=\"http:\/\/www.ernestohernandez.org\/?page_id=354\" target=\"_blank\"><span style=\"color: #000000;\">Conference papers<\/span><\/a><\/strong><\/span><\/p>\n<p><span style=\"color: #000000;\"><strong><a title=\"Published gene sequences\" href=\"http:\/\/www.ernestohernandez.org\/?page_id=351\" target=\"_blank\"><span style=\"color: #000000;\">Gene sequences<\/span><\/a><\/strong><\/span><\/p>\n<p><span style=\"color: #000000;\"><strong><a title=\"Lectures\" href=\"http:\/\/www.ernestohernandez.org\/?page_id=109\"><span style=\"color: #000000;\">Lectures<\/span><\/a><\/strong><\/span><\/p>\n<p><a title=\"Peer-reviewed papers\" href=\"http:\/\/www.ernestohernandez.org\/?page_id=335\" target=\"_blank\"><strong><span style=\"color: #000000;\">Peer-reviewed\u00a0papers<\/span><\/strong><\/a><\/p>\n<p><a title=\"Phenomena at the surface\" href=\"http:\/\/www.ernestohernandez.org\/?page_id=660\" target=\"_blank\"><strong><span style=\"color: #000000;\"><span style=\"color: #000000;\">Phe<\/span><span style=\"color: #000000;\">nomena <\/span><span style=\"color: #000000;\">at<\/span><span style=\"color: #000000;\"> the su<\/span><span style=\"color: #000000;\">rface<\/span><\/span><\/strong><\/a><\/p>\n<p><a title=\"Presentations and posters at conferences\" href=\"http:\/\/www.ernestohernandez.org\/?page_id=359\" target=\"_blank\"><strong><span style=\"color: #000000;\">Presentations and posters at conferences<\/span><\/strong><\/a><\/p>\n<p><a title=\"Reading Lists\" href=\"http:\/\/www.ernestohernandez.org\/?page_id=371\"><strong><span style=\"color: #000000;\">Reading lists<\/span><\/strong><\/a><\/p>\n<p><strong><span style=\"color: #000000;\"><a title=\"Publications\" href=\"http:\/\/www.ernestohernandez.org\/?page_id=475\"><span style=\"color: #000000;\">Record of publications<\/span><\/a><\/span><\/strong><\/p>\n<p><strong><span style=\"color: #000000;\"><a title=\"Research\" href=\"http:\/\/www.ernestohernandez.org\/?page_id=335\"><span style=\"color: #000000;\">Research<\/span><\/a><\/span><\/strong><\/p>\n<p>&nbsp;<\/p>\n<p><span style=\"color: #000000; font-family: Calibri; font-size: small;\">\u00a0[follow_me]<\/span><\/p>\n<p><span style=\"color: #000000; font-family: Times New Roman; font-size: x-small;\">\u00a0<\/span><\/p>\n<p>&nbsp;<\/p>\n","protected":false},"excerpt":{"rendered":"<p>&nbsp; &nbsp; Biotech reading for everybody Book chapters Conference papers Gene sequences Lectures Peer-reviewed\u00a0papers Phenomena at the surface Presentations and posters at conferences Reading lists Record of publications Research &nbsp; \u00a0[follow_me] \u00a0 &nbsp;<\/p>\n","protected":false},"author":1,"featured_media":0,"parent":0,"menu_order":0,"comment_status":"open","ping_status":"closed","template":"","meta":{"jetpack_post_was_ever_published":false,"footnotes":""},"class_list":["post-21","page","type-page","status-publish","hentry"],"jetpack_sharing_enabled":true,"jetpack_shortlink":"https:\/\/wp.me\/P6rw5S-l","jetpack-related-posts":[{"id":365,"url":"http:\/\/www.ernestohernandez.org\/?page_id=365","url_meta":{"origin":21,"position":0},"title":"Biotech reading for everybody","author":"Ernesto Hernandez","date":"August 17, 2013","format":false,"excerpt":"\u00a0 Microbial Enhanced Oil Recovery Probiotics and prebiotics: facts on healthy food","rel":"","context":"Similar post","block_context":{"text":"Similar post","link":""},"img":{"alt_text":"","src":"","width":0,"height":0},"classes":[]},{"id":330,"url":"http:\/\/www.ernestohernandez.org\/?page_id=330","url_meta":{"origin":21,"position":1},"title":"Microbial Enhanced Oil Recovery","author":"Ernesto Hernandez","date":"August 15, 2013","format":false,"excerpt":"Microbial Enhanced Oil Recovery (MEOR) is a biological based technology consisting in manipulating function or structure, or both, of microbial environments existing in oil reservoirs. The ultimate aim of MEOR is to improve the recovery of oil entrapped in porous media while increasing economic profits. MEOR is a tertiary oil\u2026","rel":"","context":"Similar post","block_context":{"text":"Similar post","link":""},"img":{"alt_text":"","src":"","width":0,"height":0},"classes":[]},{"id":351,"url":"http:\/\/www.ernestohernandez.org\/?page_id=351","url_meta":{"origin":21,"position":2},"title":"Published gene sequences","author":"Ernesto Hernandez","date":"August 15, 2013","format":false,"excerpt":"Hernandez, J.E., Blanco, D. and Edyvean, R.G. (2007). EF373707 to EF590285. Uncultured bacterium clone GM5F-RD2 16S ribosomal RNA gene, partial sequence. gi|124494219|gb|EF373707.1|. Hernandez, J.E., Blanco, D. and Edyvean, R.G. (2007). EF437217. Uncultured bacterium isolate TGGE gel band GM5F-RD2 16S ribosomal RNA gene, partial sequence. gi|133753037|gb|EF437217.1|. Bachmann, R. T., Eboigbodin, K.\u2026","rel":"","context":"Similar post","block_context":{"text":"Similar post","link":""},"img":{"alt_text":"","src":"","width":0,"height":0},"classes":[]},{"id":395,"url":"http:\/\/www.ernestohernandez.org\/?page_id=395","url_meta":{"origin":21,"position":3},"title":"Health benefits and production of probiotics, prebiotics and symbiotics","author":"Ernesto Hernandez","date":"October 24, 2013","format":false,"excerpt":"How\u00a0could you be healthy for longer? People around the globe are more aware of the impact of food on health and general wellbeing, and the\u00a0answer has been targeted by an overwhelming amount of information that keeps rocketing regardless the language barrier, believes or cultural backgrounds. But, when it is time\u00a0to\u2026","rel":"","context":"Similar post","block_context":{"text":"Similar post","link":""},"img":{"alt_text":"","src":"","width":0,"height":0},"classes":[]},{"id":354,"url":"http:\/\/www.ernestohernandez.org\/?page_id=354","url_meta":{"origin":21,"position":4},"title":"Conference papers","author":"Ernesto Hernandez","date":"August 15, 2013","format":false,"excerpt":"Hern\u00e1ndez, J.E., and Edyvean, R. \u201cAnaerobic treatment of phenol in a two-stage anaerobic reactor.\u201d Waste Management 2004, Rhodes, Greece, 203-211. Hernandez, J. E & Edyvean, R. G. (2005) Anaerobic treatment of phenol in a two-stage anaerobic reactor; 7th World Congress of Chemical Engineering, Glasgow. Hernandez, J. E., Bachmann, R. T.\u2026","rel":"","context":"Similar post","block_context":{"text":"Similar post","link":""},"img":{"alt_text":"","src":"","width":0,"height":0},"classes":[]},{"id":475,"url":"http:\/\/www.ernestohernandez.org\/?page_id=475","url_meta":{"origin":21,"position":5},"title":"Publications","author":"Ernesto Hernandez","date":"May 3, 2014","format":false,"excerpt":"Peer-reviewed papers Tanimu, I.M., Hernandez, J.E. and Bachmann, R.T. (2025). Biogas potential of oil palm empty fruit bunch and lignocellulosic insoluble fibre components via the syringe bioreactor method.\u00a0Fuel.385 (1), p. 134087. https:\/\/doi.org\/10.1016\/j.fuel.2024.134087 \u00a0 Hernandez, J.E., Espinosa-Solares, T., P\u00e9rez-Cadena, R., T\u00e9llez-Jurado, A. and Ram\u00edrez-Arpide, F.R. (2024). Sustainable agrobiorefinery system for advanced\u2026","rel":"","context":"Similar post","block_context":{"text":"Similar post","link":""},"img":{"alt_text":"","src":"","width":0,"height":0},"classes":[]}],"_links":{"self":[{"href":"http:\/\/www.ernestohernandez.org\/index.php?rest_route=\/wp\/v2\/pages\/21","targetHints":{"allow":["GET"]}}],"collection":[{"href":"http:\/\/www.ernestohernandez.org\/index.php?rest_route=\/wp\/v2\/pages"}],"about":[{"href":"http:\/\/www.ernestohernandez.org\/index.php?rest_route=\/wp\/v2\/types\/page"}],"author":[{"embeddable":true,"href":"http:\/\/www.ernestohernandez.org\/index.php?rest_route=\/wp\/v2\/users\/1"}],"replies":[{"embeddable":true,"href":"http:\/\/www.ernestohernandez.org\/index.php?rest_route=%2Fwp%2Fv2%2Fcomments&post=21"}],"version-history":[{"count":9,"href":"http:\/\/www.ernestohernandez.org\/index.php?rest_route=\/wp\/v2\/pages\/21\/revisions"}],"predecessor-version":[{"id":730,"href":"http:\/\/www.ernestohernandez.org\/index.php?rest_route=\/wp\/v2\/pages\/21\/revisions\/730"}],"wp:attachment":[{"href":"http:\/\/www.ernestohernandez.org\/index.php?rest_route=%2Fwp%2Fv2%2Fmedia&parent=21"}],"curies":[{"name":"wp","href":"https:\/\/api.w.org\/{rel}","templated":true}]}}