{"id":341,"date":"2013-08-15T17:36:18","date_gmt":"2013-08-15T17:36:18","guid":{"rendered":"http:\/\/www.ernestohernandez.org\/?page_id=341"},"modified":"2013-08-15T17:36:18","modified_gmt":"2013-08-15T17:36:18","slug":"book-chapters","status":"publish","type":"page","link":"http:\/\/www.ernestohernandez.org\/?page_id=341","title":{"rendered":"Book chapters"},"content":{"rendered":"<p style=\"text-align: justify;\"><a title=\"Ernesto Hernandez. Advances is Cheese Whey Utilization\" href=\"http:\/\/ressign.com\/UserBookDetail.aspx?bkid=817&amp;catid=189\" target=\"_blank\"><img data-recalc-dims=\"1\" loading=\"lazy\" decoding=\"async\" class=\"alignleft\" title=\"Ernesto Hernandez\" alt=\"Ernesto Hernandez\" src=\"https:\/\/i0.wp.com\/www.ernestohernandez.org\/wp-content\/uploads\/2013\/03\/Cerdan.jpg?resize=150%2C221\" width=\"150\" height=\"221\" \/><\/a>Bachmann, R.T., Johnson, A.C. &amp; Hernandez J.E. (2008). Biogas production from cheese whey: Past, present and future. In: <a title=\"Ernesto Hernandez\" href=\"http:\/\/ressign.com\/UserBookDetail.aspx?bkid=817&amp;catid=189\" target=\"_blank\">Advances in <\/a><a title=\"Ernesto Hernandez\" href=\"http:\/\/ressign.com\/UserBookDetail.aspx?bkid=817&amp;catid=189\">Cheese Whey Utilization<\/a>, 2008: ISBN: 978-81-7895-359-5.; Editors: Ma Esperanza Cerd\u00e1n, Ma Isabel Gonz\u00e1lez-Siso and Manuel Bacerra.<\/p>\n<p>&nbsp;<\/p>\n<p>&nbsp;<\/p>\n","protected":false},"excerpt":{"rendered":"<p>Bachmann, R.T., Johnson, A.C. &amp; Hernandez J.E. (2008). Biogas production from cheese whey: Past, present and future. In: Advances in Cheese Whey Utilization, 2008: ISBN: 978-81-7895-359-5.; Editors: Ma Esperanza Cerd\u00e1n, Ma Isabel Gonz\u00e1lez-Siso and Manuel Bacerra. &nbsp; &nbsp;<\/p>\n","protected":false},"author":1,"featured_media":0,"parent":21,"menu_order":0,"comment_status":"open","ping_status":"open","template":"","meta":{"jetpack_post_was_ever_published":false,"footnotes":""},"class_list":["post-341","page","type-page","status-publish","hentry"],"jetpack_sharing_enabled":true,"jetpack_shortlink":"https:\/\/wp.me\/P6rw5S-5v","jetpack-related-posts":[{"id":475,"url":"http:\/\/www.ernestohernandez.org\/?page_id=475","url_meta":{"origin":341,"position":0},"title":"Publications","author":"Ernesto Hernandez","date":"May 3, 2014","format":false,"excerpt":"Peer-reviewed papers Tanimu, I.M., Hernandez, J.E. and Bachmann, R.T. (2025). Biogas potential of oil palm empty fruit bunch and lignocellulosic insoluble fibre components via the syringe bioreactor method.\u00a0Fuel.385 (1), p. 134087. https:\/\/doi.org\/10.1016\/j.fuel.2024.134087 \u00a0 Hernandez, J.E., Espinosa-Solares, T., P\u00e9rez-Cadena, R., T\u00e9llez-Jurado, A. and Ram\u00edrez-Arpide, F.R. (2024). Sustainable agrobiorefinery system for advanced\u2026","rel":"","context":"Similar post","block_context":{"text":"Similar post","link":""},"img":{"alt_text":"","src":"","width":0,"height":0},"classes":[]},{"id":1117,"url":"http:\/\/www.ernestohernandez.org\/?page_id=1117","url_meta":{"origin":341,"position":1},"title":"Bioenergy from cheese industry","author":"Ernesto Hernandez","date":"February 11, 2015","format":false,"excerpt":"We focused at carrying out research in bioenergy production from anaerobic microbial bioreactors treating oleic acid, which is present in fats released by the dairy industry. Cheese whey is also a by-product from dairy industry that at the right conditions may serve as biomass for bioenergy production. \u00a0 \u00a0 \u00a0","rel":"","context":"Similar post","block_context":{"text":"Similar post","link":""},"img":{"alt_text":"Advances in cheese whey utilization","src":"https:\/\/i0.wp.com\/www.ernestohernandez.org\/wp-content\/uploads\/2013\/03\/Cerdan.jpg?resize=350%2C200","width":350,"height":200},"classes":[]},{"id":354,"url":"http:\/\/www.ernestohernandez.org\/?page_id=354","url_meta":{"origin":341,"position":2},"title":"Conference papers","author":"Ernesto Hernandez","date":"August 15, 2013","format":false,"excerpt":"Hern\u00e1ndez, J.E., and Edyvean, R. \u201cAnaerobic treatment of phenol in a two-stage anaerobic reactor.\u201d Waste Management 2004, Rhodes, Greece, 203-211. Hernandez, J. E & Edyvean, R. G. (2005) Anaerobic treatment of phenol in a two-stage anaerobic reactor; 7th World Congress of Chemical Engineering, Glasgow. Hernandez, J. E., Bachmann, R. T.\u2026","rel":"","context":"Similar post","block_context":{"text":"Similar post","link":""},"img":{"alt_text":"","src":"","width":0,"height":0},"classes":[]},{"id":359,"url":"http:\/\/www.ernestohernandez.org\/?page_id=359","url_meta":{"origin":341,"position":3},"title":"Presentations and posters at conferences","author":"Ernesto Hernandez","date":"August 15, 2013","format":false,"excerpt":"Blanco, D., Hernandez, J.E., Mulas, D. and Gil, M.V. (2007). Genotypic characterization of phenol degrading microbes by applying Temperature Gradient Gel Electrophoresis (TGGE). XXXVI Congress of the Spanish Genetics Society, Leon, Spain. Hernandez, J. E & Edyvean, R. G. (2005) Inhibition of biogas production by substituted phenolic compounds in enriched\u2026","rel":"","context":"Similar post","block_context":{"text":"Similar post","link":""},"img":{"alt_text":"","src":"","width":0,"height":0},"classes":[]},{"id":109,"url":"http:\/\/www.ernestohernandez.org\/?page_id=109","url_meta":{"origin":341,"position":4},"title":"Lectures","author":"Ernesto Hernandez","date":"June 3, 2012","format":false,"excerpt":"Manchester Looking into the Future 13thJuly and 8th of August 2013. The University of Manchester, U.K. Challenges for sustainable biorefineries 7th May 2012. The University of Manchester, U.K. Complex Microbial Biocatalysts for Future Bioprocesses and Biorefineries 1st May 2012. The University of Manchester, UK. Life cycle assessment for biorefineries 19th\u2026","rel":"","context":"Similar post","block_context":{"text":"Similar post","link":""},"img":{"alt_text":"","src":"","width":0,"height":0},"classes":[]},{"id":351,"url":"http:\/\/www.ernestohernandez.org\/?page_id=351","url_meta":{"origin":341,"position":5},"title":"Published gene sequences","author":"Ernesto Hernandez","date":"August 15, 2013","format":false,"excerpt":"Hernandez, J.E., Blanco, D. and Edyvean, R.G. (2007). EF373707 to EF590285. Uncultured bacterium clone GM5F-RD2 16S ribosomal RNA gene, partial sequence. gi|124494219|gb|EF373707.1|. Hernandez, J.E., Blanco, D. and Edyvean, R.G. (2007). EF437217. Uncultured bacterium isolate TGGE gel band GM5F-RD2 16S ribosomal RNA gene, partial sequence. gi|133753037|gb|EF437217.1|. Bachmann, R. T., Eboigbodin, K.\u2026","rel":"","context":"Similar post","block_context":{"text":"Similar post","link":""},"img":{"alt_text":"","src":"","width":0,"height":0},"classes":[]}],"_links":{"self":[{"href":"http:\/\/www.ernestohernandez.org\/index.php?rest_route=\/wp\/v2\/pages\/341","targetHints":{"allow":["GET"]}}],"collection":[{"href":"http:\/\/www.ernestohernandez.org\/index.php?rest_route=\/wp\/v2\/pages"}],"about":[{"href":"http:\/\/www.ernestohernandez.org\/index.php?rest_route=\/wp\/v2\/types\/page"}],"author":[{"embeddable":true,"href":"http:\/\/www.ernestohernandez.org\/index.php?rest_route=\/wp\/v2\/users\/1"}],"replies":[{"embeddable":true,"href":"http:\/\/www.ernestohernandez.org\/index.php?rest_route=%2Fwp%2Fv2%2Fcomments&post=341"}],"version-history":[{"count":3,"href":"http:\/\/www.ernestohernandez.org\/index.php?rest_route=\/wp\/v2\/pages\/341\/revisions"}],"predecessor-version":[{"id":345,"href":"http:\/\/www.ernestohernandez.org\/index.php?rest_route=\/wp\/v2\/pages\/341\/revisions\/345"}],"up":[{"embeddable":true,"href":"http:\/\/www.ernestohernandez.org\/index.php?rest_route=\/wp\/v2\/pages\/21"}],"wp:attachment":[{"href":"http:\/\/www.ernestohernandez.org\/index.php?rest_route=%2Fwp%2Fv2%2Fmedia&parent=341"}],"curies":[{"name":"wp","href":"https:\/\/api.w.org\/{rel}","templated":true}]}}