{"id":354,"date":"2013-08-15T17:45:17","date_gmt":"2013-08-15T17:45:17","guid":{"rendered":"http:\/\/www.ernestohernandez.org\/?page_id=354"},"modified":"2013-08-15T17:45:17","modified_gmt":"2013-08-15T17:45:17","slug":"conference-papers","status":"publish","type":"page","link":"http:\/\/www.ernestohernandez.org\/?page_id=354","title":{"rendered":"Conference papers"},"content":{"rendered":"<p style=\"text-align: justify;\">Hern\u00e1ndez, J.E., and Edyvean, R. \u201cAnaerobic treatment of phenol in a two-stage anaerobic reactor.\u201d Waste Management 2004, Rhodes, Greece,<a title=\"Phenol TSAD\" href=\"http:\/\/library.witpress.com\/pages\/PaperInfo.asp?PaperID=14373\" target=\"_blank\"> 203-211<\/a>.<\/p>\n<p style=\"text-align: justify;\">\n<p style=\"text-align: justify;\">Hernandez, J. E &amp; Edyvean, R. G. (2005) Anaerobic treatment of phenol in a two-stage anaerobic reactor; 7th World Congress of Chemical Engineering, Glasgow.<\/p>\n<p style=\"text-align: justify;\">\n<p style=\"text-align: justify;\">Hernandez, J. E., Bachmann, R. T. &amp; Edyvean, R. G. (2005) Inhibition of Biogas Production by phenol catechol and caffeic acid over Enriched Methanogenic Cultures. 4 <em>th International symposium anaerobic digestion of solid waste<\/em>. Copenhagen, Denmark, <strong>2<\/strong>, 413-418.<\/p>\n<p style=\"text-align: justify;\">\n<p style=\"text-align: justify;\">Hernandez, J. E., Bachmann, R. T. &amp; Edyvean, R. G. (2005) Inhibition of biogas production by substituted phenolic compounds in enriched methanogenic cultures. <em>13 th international biodeterioration and biodegradation symposium<\/em>. Madrid, Spain., Int. Biodeterioration &amp; Biodegradation. <strong>1<\/strong>, 189.<\/p>\n<p style=\"text-align: justify;\">\n<p style=\"text-align: justify;\">Hernandez, J. E., Bachmann, R. T. &amp; Edyvean, R. G. (2005) Cost analysis and comparison of two organic mass concentration methods: volatile suspended solids and total organic carbon. Nutrient <em>Management in wastewater treatment processes and recycle streams<\/em>. Krakow, Poland. <strong>1<\/strong>, 1029-1034.<\/p>\n","protected":false},"excerpt":{"rendered":"<p>Hern\u00e1ndez, J.E., and Edyvean, R. \u201cAnaerobic treatment of phenol in a two-stage anaerobic reactor.\u201d Waste Management 2004, Rhodes, Greece, 203-211. Hernandez, J. E &amp; Edyvean, R. G. (2005) Anaerobic treatment of phenol in a two-stage anaerobic reactor; 7th World Congress of Chemical Engineering, Glasgow. Hernandez, J. E., Bachmann, R. T. &amp; Edyvean, R. G. (2005) [&hellip;]<\/p>\n","protected":false},"author":1,"featured_media":0,"parent":0,"menu_order":0,"comment_status":"open","ping_status":"open","template":"","meta":{"jetpack_post_was_ever_published":false,"footnotes":""},"class_list":["post-354","page","type-page","status-publish","hentry"],"jetpack_sharing_enabled":true,"jetpack_shortlink":"https:\/\/wp.me\/P6rw5S-5I","jetpack-related-posts":[{"id":359,"url":"http:\/\/www.ernestohernandez.org\/?page_id=359","url_meta":{"origin":354,"position":0},"title":"Presentations and posters at conferences","author":"Ernesto Hernandez","date":"August 15, 2013","format":false,"excerpt":"Blanco, D., Hernandez, J.E., Mulas, D. and Gil, M.V. (2007). Genotypic characterization of phenol degrading microbes by applying Temperature Gradient Gel Electrophoresis (TGGE). XXXVI Congress of the Spanish Genetics Society, Leon, Spain. Hernandez, J. E & Edyvean, R. G. (2005) Inhibition of biogas production by substituted phenolic compounds in enriched\u2026","rel":"","context":"Similar post","block_context":{"text":"Similar post","link":""},"img":{"alt_text":"","src":"","width":0,"height":0},"classes":[]},{"id":475,"url":"http:\/\/www.ernestohernandez.org\/?page_id=475","url_meta":{"origin":354,"position":1},"title":"Publications","author":"Ernesto Hernandez","date":"May 3, 2014","format":false,"excerpt":"Peer-reviewed papers Tanimu, I.M., Hernandez, J.E. and Bachmann, R.T. (2025). Biogas potential of oil palm empty fruit bunch and lignocellulosic insoluble fibre components via the syringe bioreactor method.\u00a0Fuel.385 (1), p. 134087. https:\/\/doi.org\/10.1016\/j.fuel.2024.134087 \u00a0 Hernandez, J.E., Espinosa-Solares, T., P\u00e9rez-Cadena, R., T\u00e9llez-Jurado, A. and Ram\u00edrez-Arpide, F.R. (2024). Sustainable agrobiorefinery system for advanced\u2026","rel":"","context":"Similar post","block_context":{"text":"Similar post","link":""},"img":{"alt_text":"","src":"","width":0,"height":0},"classes":[]},{"id":1123,"url":"http:\/\/www.ernestohernandez.org\/?page_id=1123","url_meta":{"origin":354,"position":2},"title":"Two-stage anaerobic digestion (TSAD)","author":"Ernesto Hernandez","date":"February 11, 2015","format":false,"excerpt":"Two-stage anaerobic digestion (TSAD) Phenol is a widespread pollutant in many industrial wastewaters. It diminishes biogas formation in anaerobic digesters. We found that a two-stage anaerobic digester (acidogenic and methanogenic) fermented nutrients without inhibition by accumulation of phenol. The acidogenic reactor also prevented inhibition of biogas formation in the second\u2026","rel":"","context":"Similar post","block_context":{"text":"Similar post","link":""},"img":{"alt_text":"Two stage anaerobic digestion","src":"https:\/\/i0.wp.com\/www.ernestohernandez.org\/wp-content\/uploads\/2013\/10\/Two-stage-anaerobic-digestion.png?resize=350%2C200","width":350,"height":200,"srcset":"https:\/\/i0.wp.com\/www.ernestohernandez.org\/wp-content\/uploads\/2013\/10\/Two-stage-anaerobic-digestion.png?resize=350%2C200 1x, https:\/\/i0.wp.com\/www.ernestohernandez.org\/wp-content\/uploads\/2013\/10\/Two-stage-anaerobic-digestion.png?resize=525%2C300 1.5x, https:\/\/i0.wp.com\/www.ernestohernandez.org\/wp-content\/uploads\/2013\/10\/Two-stage-anaerobic-digestion.png?resize=700%2C400 2x"},"classes":[]},{"id":351,"url":"http:\/\/www.ernestohernandez.org\/?page_id=351","url_meta":{"origin":354,"position":3},"title":"Published gene sequences","author":"Ernesto Hernandez","date":"August 15, 2013","format":false,"excerpt":"Hernandez, J.E., Blanco, D. and Edyvean, R.G. (2007). EF373707 to EF590285. Uncultured bacterium clone GM5F-RD2 16S ribosomal RNA gene, partial sequence. gi|124494219|gb|EF373707.1|. Hernandez, J.E., Blanco, D. and Edyvean, R.G. (2007). EF437217. Uncultured bacterium isolate TGGE gel band GM5F-RD2 16S ribosomal RNA gene, partial sequence. gi|133753037|gb|EF437217.1|. Bachmann, R. T., Eboigbodin, K.\u2026","rel":"","context":"Similar post","block_context":{"text":"Similar post","link":""},"img":{"alt_text":"","src":"","width":0,"height":0},"classes":[]},{"id":1126,"url":"http:\/\/www.ernestohernandez.org\/?page_id=1126","url_meta":{"origin":354,"position":4},"title":"Anaerobic microbial processes in artificial environments","author":"Ernesto Hernandez","date":"February 11, 2015","format":false,"excerpt":"This CONACYT sponsored research focused on studying the anaerobic biochemistry of complex microbial communities living in anaerobic digesting sludge and feeding on phenolic compounds. Phenols in the environment are sometimes unwanted due to their potential toxic and inhibitory effects. For instance, when released into wastewater, phenols could cause a reduction\u2026","rel":"","context":"Similar post","block_context":{"text":"Similar post","link":""},"img":{"alt_text":"","src":"","width":0,"height":0},"classes":[]},{"id":341,"url":"http:\/\/www.ernestohernandez.org\/?page_id=341","url_meta":{"origin":354,"position":5},"title":"Book chapters","author":"Ernesto Hernandez","date":"August 15, 2013","format":false,"excerpt":"Bachmann, R.T., Johnson, A.C. & Hernandez J.E. (2008). Biogas production from cheese whey: Past, present and future. In: Advances in Cheese Whey Utilization, 2008: ISBN: 978-81-7895-359-5.; Editors: Ma Esperanza Cerd\u00e1n, Ma Isabel Gonz\u00e1lez-Siso and Manuel Bacerra. \u00a0 \u00a0","rel":"","context":"Similar post","block_context":{"text":"Similar post","link":""},"img":{"alt_text":"Ernesto Hernandez","src":"https:\/\/i0.wp.com\/www.ernestohernandez.org\/wp-content\/uploads\/2013\/03\/Cerdan.jpg?resize=350%2C200","width":350,"height":200},"classes":[]}],"_links":{"self":[{"href":"http:\/\/www.ernestohernandez.org\/index.php?rest_route=\/wp\/v2\/pages\/354","targetHints":{"allow":["GET"]}}],"collection":[{"href":"http:\/\/www.ernestohernandez.org\/index.php?rest_route=\/wp\/v2\/pages"}],"about":[{"href":"http:\/\/www.ernestohernandez.org\/index.php?rest_route=\/wp\/v2\/types\/page"}],"author":[{"embeddable":true,"href":"http:\/\/www.ernestohernandez.org\/index.php?rest_route=\/wp\/v2\/users\/1"}],"replies":[{"embeddable":true,"href":"http:\/\/www.ernestohernandez.org\/index.php?rest_route=%2Fwp%2Fv2%2Fcomments&post=354"}],"version-history":[{"count":1,"href":"http:\/\/www.ernestohernandez.org\/index.php?rest_route=\/wp\/v2\/pages\/354\/revisions"}],"predecessor-version":[{"id":355,"href":"http:\/\/www.ernestohernandez.org\/index.php?rest_route=\/wp\/v2\/pages\/354\/revisions\/355"}],"wp:attachment":[{"href":"http:\/\/www.ernestohernandez.org\/index.php?rest_route=%2Fwp%2Fv2%2Fmedia&parent=354"}],"curies":[{"name":"wp","href":"https:\/\/api.w.org\/{rel}","templated":true}]}}