{"id":371,"date":"2013-08-17T22:36:06","date_gmt":"2013-08-17T22:36:06","guid":{"rendered":"http:\/\/www.ernestohernandez.org\/?page_id=371"},"modified":"2013-08-17T22:37:19","modified_gmt":"2013-08-17T22:37:19","slug":"reading-lists","status":"publish","type":"page","link":"http:\/\/www.ernestohernandez.org\/?page_id=371","title":{"rendered":"Reading Lists"},"content":{"rendered":"<p><span style=\"color: #000000;\"><strong><a href=\"http:\/\/www.readinglists.manchester.ac.uk\/lists\/66D2ABF7-8DB4-3BFF-B668-F5B0DDFAA7EC.html\"><span style=\"color: #000000;\">Principles of Biorefinery Engineering<\/span><\/a><\/strong><\/span><\/p>\n<p>[folow me]<\/p>\n","protected":false},"excerpt":{"rendered":"<p>Principles of Biorefinery Engineering [folow me]<\/p>\n","protected":false},"author":1,"featured_media":0,"parent":21,"menu_order":0,"comment_status":"open","ping_status":"open","template":"","meta":{"jetpack_post_was_ever_published":false,"footnotes":""},"class_list":["post-371","page","type-page","status-publish","hentry"],"jetpack_sharing_enabled":true,"jetpack_shortlink":"https:\/\/wp.me\/P6rw5S-5Z","jetpack-related-posts":[{"id":109,"url":"http:\/\/www.ernestohernandez.org\/?page_id=109","url_meta":{"origin":371,"position":0},"title":"Lectures","author":"Ernesto Hernandez","date":"June 3, 2012","format":false,"excerpt":"Manchester Looking into the Future 13thJuly and 8th of August 2013. The University of Manchester, U.K. Challenges for sustainable biorefineries 7th May 2012. The University of Manchester, U.K. Complex Microbial Biocatalysts for Future Bioprocesses and Biorefineries 1st May 2012. The University of Manchester, UK. Life cycle assessment for biorefineries 19th\u2026","rel":"","context":"Similar post","block_context":{"text":"Similar post","link":""},"img":{"alt_text":"","src":"","width":0,"height":0},"classes":[]},{"id":5475,"url":"http:\/\/www.ernestohernandez.org\/?page_id=5475","url_meta":{"origin":371,"position":1},"title":"The future of Bioengineering and its Impact","author":"Ernesto Hernandez","date":"May 21, 2025","format":false,"excerpt":"Here is an overview of the\u00a0future of bioengineering, a field merging biology and information technology to reshape businesses and society. It highlights\u00a0four key areas\u00a0within bioengineering: biomolecules, biosystems, biomachine interfaces, and biocomputing, with biomolecules and biosystems seeing recent significant progress. This text stresses that leaders should pay attention due to the\u2026","rel":"","context":"Similar post","block_context":{"text":"Similar post","link":""},"img":{"alt_text":"","src":"","width":0,"height":0},"classes":[]},{"id":21,"url":"http:\/\/www.ernestohernandez.org\/?page_id=21","url_meta":{"origin":371,"position":2},"title":"Output","author":"Ernesto Hernandez","date":"January 19, 2012","format":false,"excerpt":"\u00a0 \u00a0 Biotech reading for everybody Book chapters Conference papers Gene sequences Lectures Peer-reviewed\u00a0papers Phenomena at the surface Presentations and posters at conferences Reading lists Record of publications Research \u00a0 \u00a0[follow_me] \u00a0 \u00a0","rel":"","context":"Similar post","block_context":{"text":"Similar post","link":""},"img":{"alt_text":"","src":"","width":0,"height":0},"classes":[]},{"id":335,"url":"http:\/\/www.ernestohernandez.org\/?page_id=335","url_meta":{"origin":371,"position":3},"title":"Research","author":"Ernesto Hernandez","date":"August 15, 2013","format":false,"excerpt":"\"Nature is my\u00a0inspiration, it\u00a0motivates me to apply the tenets of chemical engineering to solve some of the current challenges faced by humankind \u2013I may call this, bioinspired chemical engineering\" \u00a0 Value-added chemicals from biomass Functional food from biomass bioprocessing Microbial enhanced oil recovery Bioenergy from cheese industry Molecular identification of\u2026","rel":"","context":"Similar post","block_context":{"text":"Similar post","link":""},"img":{"alt_text":"","src":"","width":0,"height":0},"classes":[]},{"id":475,"url":"http:\/\/www.ernestohernandez.org\/?page_id=475","url_meta":{"origin":371,"position":4},"title":"Publications","author":"Ernesto Hernandez","date":"May 3, 2014","format":false,"excerpt":"Peer-reviewed papers Tanimu, I.M., Hernandez, J.E. and Bachmann, R.T. (2025). Biogas potential of oil palm empty fruit bunch and lignocellulosic insoluble fibre components via the syringe bioreactor method.\u00a0Fuel.385 (1), p. 134087. https:\/\/doi.org\/10.1016\/j.fuel.2024.134087 \u00a0 Hernandez, J.E., Espinosa-Solares, T., P\u00e9rez-Cadena, R., T\u00e9llez-Jurado, A. and Ram\u00edrez-Arpide, F.R. (2024). Sustainable agrobiorefinery system for advanced\u2026","rel":"","context":"Similar post","block_context":{"text":"Similar post","link":""},"img":{"alt_text":"","src":"","width":0,"height":0},"classes":[]},{"id":1368,"url":"http:\/\/www.ernestohernandez.org\/?page_id=1368","url_meta":{"origin":371,"position":5},"title":"How to calculate the operating temperature of a heated rod if it is allowed to deform up to its proportional elastic limit?","author":"Ernesto Hernandez","date":"August 15, 2016","format":false,"excerpt":"Design\u00a0>\u00a0Structures https:\/\/youtu.be\/_7Btzhh0T2o Design\u00a0>\u00a0Structures YOU WILL LEARN How to calculate the operating temperature of a heated rod if it is allowed to deform up to its proportional elastic limit? Why designers set limits to construction materials of industrial processes Sketch a problem as a designer in engineering Use some data from\u2026","rel":"","context":"Similar post","block_context":{"text":"Similar post","link":""},"img":{"alt_text":"Chemical engineering design featured image","src":"https:\/\/i0.wp.com\/www.ernestohernandez.org\/wp-content\/uploads\/2016\/08\/Webpage-Chemengdesign4u.jpg?fit=1000%2C563&resize=350%2C200","width":350,"height":200,"srcset":"https:\/\/i0.wp.com\/www.ernestohernandez.org\/wp-content\/uploads\/2016\/08\/Webpage-Chemengdesign4u.jpg?fit=1000%2C563&resize=350%2C200 1x, https:\/\/i0.wp.com\/www.ernestohernandez.org\/wp-content\/uploads\/2016\/08\/Webpage-Chemengdesign4u.jpg?fit=1000%2C563&resize=525%2C300 1.5x, https:\/\/i0.wp.com\/www.ernestohernandez.org\/wp-content\/uploads\/2016\/08\/Webpage-Chemengdesign4u.jpg?fit=1000%2C563&resize=700%2C400 2x"},"classes":[]}],"_links":{"self":[{"href":"http:\/\/www.ernestohernandez.org\/index.php?rest_route=\/wp\/v2\/pages\/371","targetHints":{"allow":["GET"]}}],"collection":[{"href":"http:\/\/www.ernestohernandez.org\/index.php?rest_route=\/wp\/v2\/pages"}],"about":[{"href":"http:\/\/www.ernestohernandez.org\/index.php?rest_route=\/wp\/v2\/types\/page"}],"author":[{"embeddable":true,"href":"http:\/\/www.ernestohernandez.org\/index.php?rest_route=\/wp\/v2\/users\/1"}],"replies":[{"embeddable":true,"href":"http:\/\/www.ernestohernandez.org\/index.php?rest_route=%2Fwp%2Fv2%2Fcomments&post=371"}],"version-history":[{"count":3,"href":"http:\/\/www.ernestohernandez.org\/index.php?rest_route=\/wp\/v2\/pages\/371\/revisions"}],"predecessor-version":[{"id":376,"href":"http:\/\/www.ernestohernandez.org\/index.php?rest_route=\/wp\/v2\/pages\/371\/revisions\/376"}],"up":[{"embeddable":true,"href":"http:\/\/www.ernestohernandez.org\/index.php?rest_route=\/wp\/v2\/pages\/21"}],"wp:attachment":[{"href":"http:\/\/www.ernestohernandez.org\/index.php?rest_route=%2Fwp%2Fv2%2Fmedia&parent=371"}],"curies":[{"name":"wp","href":"https:\/\/api.w.org\/{rel}","templated":true}]}}