{"id":660,"date":"2014-07-16T09:50:21","date_gmt":"2014-07-16T09:50:21","guid":{"rendered":"http:\/\/www.ernestohernandez.org\/?page_id=660"},"modified":"2016-09-29T15:58:37","modified_gmt":"2016-09-29T15:58:37","slug":"phenomena-at-the-surface-2","status":"publish","type":"page","link":"http:\/\/www.ernestohernandez.org\/?page_id=660","title":{"rendered":"Phenomena at the surface"},"content":{"rendered":"<h1><a title=\"Chapter 1: Introduction to surface properties\" href=\"http:\/\/www.ernestohernandez.org\/?page_id=559\">Chapter 1: Introduction to surface properties<\/a><\/h1>\n<p style=\"padding-left: 60px;\"><a href=\"http:\/\/www.ernestohernandez.org\/?page_id=559\">1.1 Introduction to interfaces (surfaces)<\/a><\/p>\n<p style=\"padding-left: 60px;\"><a href=\"http:\/\/www.ernestohernandez.org\/?page_id=1604\">1.2 The mechanics of surfaces and capillarity<\/a><\/p>\n<p style=\"padding-left: 60px;\"><a href=\"http:\/\/www.ernestohernandez.org\/?page_id=1607\">1.3 Thermodynamics of interphases.<\/a><\/p>\n<p style=\"padding-left: 60px;\"><a href=\"http:\/\/www.ernestohernandez.org\/?page_id=1610\">1.4 How is surface tension measured?<\/a><\/p>\n<p style=\"padding-left: 60px;\"><a href=\"http:\/\/www.ernestohernandez.org\/?page_id=1612\">1.5 Laplace equation: Pressure differences over a curved surface.<\/a><\/p>\n<p style=\"padding-left: 60px;\"><a href=\"http:\/\/www.ernestohernandez.org\/?page_id=1615\">1.6 Pressure differences over a uniform flat surface<\/a><\/p>\n<p style=\"padding-left: 60px;\"><a href=\"http:\/\/www.ernestohernandez.org\/?page_id=1618\">1.7 Capillary action<\/a><\/p>\n<p style=\"padding-left: 60px;\"><a href=\"http:\/\/www.ernestohernandez.org\/?page_id=1620\">1.8 Properties of very small particles: droplets and fine solids<\/a><\/p>\n<p style=\"padding-left: 60px;\"><a href=\"http:\/\/www.ernestohernandez.org\/?page_id=1623\">1.9 Colloids<\/a><\/p>\n<h1><a title=\"Link to chapter 2: adsorption\" href=\"http:\/\/www.ernestohernandez.org\/?page_id=773\" target=\"_blank\">Chapter 2: Adsorption<\/a><\/h1>\n<h1><a title=\"Chapter 3: Heterogeneous catalysis\" href=\"http:\/\/www.ernestohernandez.org\/?page_id=871\" target=\"_blank\">Chapter 3: Heterogeneous catalysis<\/a><\/h1>\n<p><strong><a title=\"Chapter 4: The solid surface\" href=\"http:\/\/www.ernestohernandez.org\/?page_id=1039\" target=\"_blank\">Chapter 4: The solid surface<\/a><\/strong><\/p>\n","protected":false},"excerpt":{"rendered":"<p>Chapter 1: Introduction to surface properties 1.1 Introduction to interfaces (surfaces) 1.2 The mechanics of surfaces and capillarity 1.3 Thermodynamics of interphases. 1.4 How is surface tension measured? 1.5 Laplace equation: Pressure differences over a curved surface. 1.6 Pressure differences over a uniform flat surface 1.7 Capillary action 1.8 Properties of very small particles: droplets [&hellip;]<\/p>\n","protected":false},"author":1,"featured_media":0,"parent":21,"menu_order":0,"comment_status":"open","ping_status":"open","template":"","meta":{"jetpack_post_was_ever_published":false,"footnotes":""},"class_list":["post-660","page","type-page","status-publish","hentry"],"jetpack_sharing_enabled":true,"jetpack_shortlink":"https:\/\/wp.me\/P6rw5S-aE","jetpack-related-posts":[{"id":1104,"url":"http:\/\/www.ernestohernandez.org\/?page_id=1104","url_meta":{"origin":660,"position":0},"title":"Videos","author":"Ernesto Hernandez","date":"August 19, 2015","format":false,"excerpt":"https:\/\/youtu.be\/dY6L9sxg4QE In this lecture I will show you how to find the Laplace equation so that you can calculate the internal pressure in droplets. If you have hearing problems click here to read the script","rel":"","context":"Similar post","block_context":{"text":"Similar post","link":""},"img":{"alt_text":"","src":"https:\/\/i0.wp.com\/img.youtube.com\/vi\/dY6L9sxg4QE\/0.jpg?resize=350%2C200","width":350,"height":200},"classes":[]},{"id":475,"url":"http:\/\/www.ernestohernandez.org\/?page_id=475","url_meta":{"origin":660,"position":1},"title":"Publications","author":"Ernesto Hernandez","date":"May 3, 2014","format":false,"excerpt":"Peer-reviewed papers Tanimu, I.M., Hernandez, J.E. and Bachmann, R.T. (2025). Biogas potential of oil palm empty fruit bunch and lignocellulosic insoluble fibre components via the syringe bioreactor method.\u00a0Fuel.385 (1), p. 134087. https:\/\/doi.org\/10.1016\/j.fuel.2024.134087 \u00a0 Hernandez, J.E., Espinosa-Solares, T., P\u00e9rez-Cadena, R., T\u00e9llez-Jurado, A. and Ram\u00edrez-Arpide, F.R. (2024). Sustainable agrobiorefinery system for advanced\u2026","rel":"","context":"Similar post","block_context":{"text":"Similar post","link":""},"img":{"alt_text":"","src":"","width":0,"height":0},"classes":[]}],"_links":{"self":[{"href":"http:\/\/www.ernestohernandez.org\/index.php?rest_route=\/wp\/v2\/pages\/660","targetHints":{"allow":["GET"]}}],"collection":[{"href":"http:\/\/www.ernestohernandez.org\/index.php?rest_route=\/wp\/v2\/pages"}],"about":[{"href":"http:\/\/www.ernestohernandez.org\/index.php?rest_route=\/wp\/v2\/types\/page"}],"author":[{"embeddable":true,"href":"http:\/\/www.ernestohernandez.org\/index.php?rest_route=\/wp\/v2\/users\/1"}],"replies":[{"embeddable":true,"href":"http:\/\/www.ernestohernandez.org\/index.php?rest_route=%2Fwp%2Fv2%2Fcomments&post=660"}],"version-history":[{"count":9,"href":"http:\/\/www.ernestohernandez.org\/index.php?rest_route=\/wp\/v2\/pages\/660\/revisions"}],"predecessor-version":[{"id":1628,"href":"http:\/\/www.ernestohernandez.org\/index.php?rest_route=\/wp\/v2\/pages\/660\/revisions\/1628"}],"up":[{"embeddable":true,"href":"http:\/\/www.ernestohernandez.org\/index.php?rest_route=\/wp\/v2\/pages\/21"}],"wp:attachment":[{"href":"http:\/\/www.ernestohernandez.org\/index.php?rest_route=%2Fwp%2Fv2%2Fmedia&parent=660"}],"curies":[{"name":"wp","href":"https:\/\/api.w.org\/{rel}","templated":true}]}}