{"id":773,"date":"2014-10-02T05:13:27","date_gmt":"2014-10-02T05:13:27","guid":{"rendered":"http:\/\/www.ernestohernandez.org\/?page_id=773"},"modified":"2016-06-03T09:00:19","modified_gmt":"2016-06-03T09:00:19","slug":"chapter-2-adsorption-2","status":"publish","type":"page","link":"http:\/\/www.ernestohernandez.org\/?page_id=773","title":{"rendered":"Chapter 2: Adsorption"},"content":{"rendered":"","protected":true},"excerpt":{"rendered":"","protected":true},"author":1,"featured_media":0,"parent":660,"menu_order":0,"comment_status":"open","ping_status":"open","template":"","meta":{"jetpack_post_was_ever_published":false,"footnotes":""},"class_list":["post-773","page","type-page","status-publish","post-password-required","hentry"],"jetpack_sharing_enabled":true,"jetpack_shortlink":"https:\/\/wp.me\/P6rw5S-ct","jetpack-related-posts":[{"id":660,"url":"http:\/\/www.ernestohernandez.org\/?page_id=660","url_meta":{"origin":773,"position":0},"title":"Phenomena at the surface","author":"Ernesto Hernandez","date":"July 16, 2014","format":false,"excerpt":"Chapter 1: Introduction to surface properties 1.1 Introduction to interfaces (surfaces) 1.2 The mechanics of surfaces and capillarity 1.3 Thermodynamics of interphases. 1.4 How is surface tension measured? 1.5 Laplace equation: Pressure differences over a curved surface. 1.6 Pressure differences over a uniform flat surface 1.7 Capillary action 1.8 Properties\u2026","rel":"","context":"Similar post","block_context":{"text":"Similar post","link":""},"img":{"alt_text":"","src":"","width":0,"height":0},"classes":[]},{"id":3918,"url":"http:\/\/www.ernestohernandez.org\/?page_id=3918","url_meta":{"origin":773,"position":1},"title":"Bioreactors","author":"Ernesto Hernandez","date":"July 4, 2023","format":false,"excerpt":"https:\/\/youtu.be\/lN3lgusZe8U 10 Steps to Set Up A Bioreactor https:\/\/youtu.be\/9Dv4vYrbEkw Infors-ht Minifors 2","rel":"","context":"Similar post","block_context":{"text":"Similar post","link":""},"img":{"alt_text":"","src":"https:\/\/i0.wp.com\/img.youtube.com\/vi\/lN3lgusZe8U\/0.jpg?resize=350%2C200","width":350,"height":200},"classes":[]},{"id":1362,"url":"http:\/\/www.ernestohernandez.org\/?page_id=1362","url_meta":{"origin":773,"position":2},"title":"Structures","author":"Ernesto Hernandez","date":"August 15, 2016","format":false,"excerpt":"The know-how to calculate structures in chemical engineering Channel\u00a0Design\u00a0 1. Maximum length, rupture and self-weight 2. Maximum length, reversible-proportional and allowed deformation 3. Temperature, proportional elastic limit and deformation Channel\u00a0Design\u00a0 \u00a0","rel":"","context":"Similar post","block_context":{"text":"Similar post","link":""},"img":{"alt_text":"Chemical engineering design featured image","src":"https:\/\/i0.wp.com\/www.ernestohernandez.org\/wp-content\/uploads\/2016\/08\/Webpage-Chemengdesign4u.jpg?fit=1000%2C563&resize=350%2C200","width":350,"height":200,"srcset":"https:\/\/i0.wp.com\/www.ernestohernandez.org\/wp-content\/uploads\/2016\/08\/Webpage-Chemengdesign4u.jpg?fit=1000%2C563&resize=350%2C200 1x, https:\/\/i0.wp.com\/www.ernestohernandez.org\/wp-content\/uploads\/2016\/08\/Webpage-Chemengdesign4u.jpg?fit=1000%2C563&resize=525%2C300 1.5x, https:\/\/i0.wp.com\/www.ernestohernandez.org\/wp-content\/uploads\/2016\/08\/Webpage-Chemengdesign4u.jpg?fit=1000%2C563&resize=700%2C400 2x"},"classes":[]},{"id":5,"url":"http:\/\/www.ernestohernandez.org\/?page_id=5","url_meta":{"origin":773,"position":3},"title":"About","author":"Ernesto Hernandez","date":"December 13, 2011","format":false,"excerpt":"Ernesto Hernandez is a life scientist and chemical engineer working at Canterbury Christ Church University. He started out his career as a distinguished technician working in the field of electromechanics. In his spare time, he indulged his passion for studying biology. This long-standing endeavour led him to win the first\u2026","rel":"","context":"Similar post","block_context":{"text":"Similar post","link":""},"img":{"alt_text":"","src":"","width":0,"height":0},"classes":[]},{"id":354,"url":"http:\/\/www.ernestohernandez.org\/?page_id=354","url_meta":{"origin":773,"position":4},"title":"Conference papers","author":"Ernesto Hernandez","date":"August 15, 2013","format":false,"excerpt":"Hern\u00e1ndez, J.E., and Edyvean, R. \u201cAnaerobic treatment of phenol in a two-stage anaerobic reactor.\u201d Waste Management 2004, Rhodes, Greece, 203-211. Hernandez, J. E & Edyvean, R. G. (2005) Anaerobic treatment of phenol in a two-stage anaerobic reactor; 7th World Congress of Chemical Engineering, Glasgow. Hernandez, J. E., Bachmann, R. T.\u2026","rel":"","context":"Similar post","block_context":{"text":"Similar post","link":""},"img":{"alt_text":"","src":"","width":0,"height":0},"classes":[]},{"id":475,"url":"http:\/\/www.ernestohernandez.org\/?page_id=475","url_meta":{"origin":773,"position":5},"title":"Publications","author":"Ernesto Hernandez","date":"May 3, 2014","format":false,"excerpt":"Peer-reviewed papers Tanimu, I.M., Hernandez, J.E. and Bachmann, R.T. (2025). Biogas potential of oil palm empty fruit bunch and lignocellulosic insoluble fibre components via the syringe bioreactor method.\u00a0Fuel.385 (1), p. 134087. https:\/\/doi.org\/10.1016\/j.fuel.2024.134087 \u00a0 Hernandez, J.E., Espinosa-Solares, T., P\u00e9rez-Cadena, R., T\u00e9llez-Jurado, A. and Ram\u00edrez-Arpide, F.R. (2024). Sustainable agrobiorefinery system for advanced\u2026","rel":"","context":"Similar post","block_context":{"text":"Similar post","link":""},"img":{"alt_text":"","src":"","width":0,"height":0},"classes":[]}],"_links":{"self":[{"href":"http:\/\/www.ernestohernandez.org\/index.php?rest_route=\/wp\/v2\/pages\/773","targetHints":{"allow":["GET"]}}],"collection":[{"href":"http:\/\/www.ernestohernandez.org\/index.php?rest_route=\/wp\/v2\/pages"}],"about":[{"href":"http:\/\/www.ernestohernandez.org\/index.php?rest_route=\/wp\/v2\/types\/page"}],"author":[{"embeddable":true,"href":"http:\/\/www.ernestohernandez.org\/index.php?rest_route=\/wp\/v2\/users\/1"}],"replies":[{"embeddable":true,"href":"http:\/\/www.ernestohernandez.org\/index.php?rest_route=%2Fwp%2Fv2%2Fcomments&post=773"}],"version-history":[{"count":10,"href":"http:\/\/www.ernestohernandez.org\/index.php?rest_route=\/wp\/v2\/pages\/773\/revisions"}],"predecessor-version":[{"id":1308,"href":"http:\/\/www.ernestohernandez.org\/index.php?rest_route=\/wp\/v2\/pages\/773\/revisions\/1308"}],"up":[{"embeddable":true,"href":"http:\/\/www.ernestohernandez.org\/index.php?rest_route=\/wp\/v2\/pages\/660"}],"wp:attachment":[{"href":"http:\/\/www.ernestohernandez.org\/index.php?rest_route=%2Fwp%2Fv2%2Fmedia&parent=773"}],"curies":[{"name":"wp","href":"https:\/\/api.w.org\/{rel}","templated":true}]}}