{"id":871,"date":"2014-11-04T15:12:09","date_gmt":"2014-11-04T15:12:09","guid":{"rendered":"http:\/\/www.ernestohernandez.org\/?page_id=871"},"modified":"2016-06-03T09:01:49","modified_gmt":"2016-06-03T09:01:49","slug":"chapter-3-heterogeneous-catalysis-2","status":"publish","type":"page","link":"http:\/\/www.ernestohernandez.org\/?page_id=871","title":{"rendered":"Chapter 3: Heterogeneous catalysis"},"content":{"rendered":"","protected":true},"excerpt":{"rendered":"","protected":true},"author":1,"featured_media":0,"parent":660,"menu_order":0,"comment_status":"open","ping_status":"open","template":"","meta":{"jetpack_post_was_ever_published":false,"footnotes":""},"class_list":["post-871","page","type-page","status-publish","post-password-required","hentry"],"jetpack_sharing_enabled":true,"jetpack_shortlink":"https:\/\/wp.me\/P6rw5S-e3","jetpack-related-posts":[{"id":660,"url":"http:\/\/www.ernestohernandez.org\/?page_id=660","url_meta":{"origin":871,"position":0},"title":"Phenomena at the surface","author":"Ernesto Hernandez","date":"July 16, 2014","format":false,"excerpt":"Chapter 1: Introduction to surface properties 1.1 Introduction to interfaces (surfaces) 1.2 The mechanics of surfaces and capillarity 1.3 Thermodynamics of interphases. 1.4 How is surface tension measured? 1.5 Laplace equation: Pressure differences over a curved surface. 1.6 Pressure differences over a uniform flat surface 1.7 Capillary action 1.8 Properties\u2026","rel":"","context":"Similar post","block_context":{"text":"Similar post","link":""},"img":{"alt_text":"","src":"","width":0,"height":0},"classes":[]},{"id":354,"url":"http:\/\/www.ernestohernandez.org\/?page_id=354","url_meta":{"origin":871,"position":1},"title":"Conference papers","author":"Ernesto Hernandez","date":"August 15, 2013","format":false,"excerpt":"Hern\u00e1ndez, J.E., and Edyvean, R. \u201cAnaerobic treatment of phenol in a two-stage anaerobic reactor.\u201d Waste Management 2004, Rhodes, Greece, 203-211. Hernandez, J. E & Edyvean, R. G. (2005) Anaerobic treatment of phenol in a two-stage anaerobic reactor; 7th World Congress of Chemical Engineering, Glasgow. Hernandez, J. E., Bachmann, R. T.\u2026","rel":"","context":"Similar post","block_context":{"text":"Similar post","link":""},"img":{"alt_text":"","src":"","width":0,"height":0},"classes":[]},{"id":1117,"url":"http:\/\/www.ernestohernandez.org\/?page_id=1117","url_meta":{"origin":871,"position":2},"title":"Bioenergy from cheese industry","author":"Ernesto Hernandez","date":"February 11, 2015","format":false,"excerpt":"We focused at carrying out research in bioenergy production from anaerobic microbial bioreactors treating oleic acid, which is present in fats released by the dairy industry. Cheese whey is also a by-product from dairy industry that at the right conditions may serve as biomass for bioenergy production. \u00a0 \u00a0 \u00a0","rel":"","context":"Similar post","block_context":{"text":"Similar post","link":""},"img":{"alt_text":"Advances in cheese whey utilization","src":"https:\/\/i0.wp.com\/www.ernestohernandez.org\/wp-content\/uploads\/2013\/03\/Cerdan.jpg?resize=350%2C200","width":350,"height":200},"classes":[]},{"id":475,"url":"http:\/\/www.ernestohernandez.org\/?page_id=475","url_meta":{"origin":871,"position":3},"title":"Publications","author":"Ernesto Hernandez","date":"May 3, 2014","format":false,"excerpt":"Peer-reviewed papers Tanimu, I.M., Hernandez, J.E. and Bachmann, R.T. (2025). Biogas potential of oil palm empty fruit bunch and lignocellulosic insoluble fibre components via the syringe bioreactor method.\u00a0Fuel.385 (1), p. 134087. https:\/\/doi.org\/10.1016\/j.fuel.2024.134087 \u00a0 Hernandez, J.E., Espinosa-Solares, T., P\u00e9rez-Cadena, R., T\u00e9llez-Jurado, A. and Ram\u00edrez-Arpide, F.R. (2024). Sustainable agrobiorefinery system for advanced\u2026","rel":"","context":"Similar post","block_context":{"text":"Similar post","link":""},"img":{"alt_text":"","src":"","width":0,"height":0},"classes":[]},{"id":359,"url":"http:\/\/www.ernestohernandez.org\/?page_id=359","url_meta":{"origin":871,"position":4},"title":"Presentations and posters at conferences","author":"Ernesto Hernandez","date":"August 15, 2013","format":false,"excerpt":"Blanco, D., Hernandez, J.E., Mulas, D. and Gil, M.V. (2007). Genotypic characterization of phenol degrading microbes by applying Temperature Gradient Gel Electrophoresis (TGGE). XXXVI Congress of the Spanish Genetics Society, Leon, Spain. Hernandez, J. E & Edyvean, R. G. (2005) Inhibition of biogas production by substituted phenolic compounds in enriched\u2026","rel":"","context":"Similar post","block_context":{"text":"Similar post","link":""},"img":{"alt_text":"","src":"","width":0,"height":0},"classes":[]},{"id":1126,"url":"http:\/\/www.ernestohernandez.org\/?page_id=1126","url_meta":{"origin":871,"position":5},"title":"Anaerobic microbial processes in artificial environments","author":"Ernesto Hernandez","date":"February 11, 2015","format":false,"excerpt":"This CONACYT sponsored research focused on studying the anaerobic biochemistry of complex microbial communities living in anaerobic digesting sludge and feeding on phenolic compounds. Phenols in the environment are sometimes unwanted due to their potential toxic and inhibitory effects. For instance, when released into wastewater, phenols could cause a reduction\u2026","rel":"","context":"Similar post","block_context":{"text":"Similar post","link":""},"img":{"alt_text":"","src":"","width":0,"height":0},"classes":[]}],"_links":{"self":[{"href":"http:\/\/www.ernestohernandez.org\/index.php?rest_route=\/wp\/v2\/pages\/871","targetHints":{"allow":["GET"]}}],"collection":[{"href":"http:\/\/www.ernestohernandez.org\/index.php?rest_route=\/wp\/v2\/pages"}],"about":[{"href":"http:\/\/www.ernestohernandez.org\/index.php?rest_route=\/wp\/v2\/types\/page"}],"author":[{"embeddable":true,"href":"http:\/\/www.ernestohernandez.org\/index.php?rest_route=\/wp\/v2\/users\/1"}],"replies":[{"embeddable":true,"href":"http:\/\/www.ernestohernandez.org\/index.php?rest_route=%2Fwp%2Fv2%2Fcomments&post=871"}],"version-history":[{"count":11,"href":"http:\/\/www.ernestohernandez.org\/index.php?rest_route=\/wp\/v2\/pages\/871\/revisions"}],"predecessor-version":[{"id":5354,"href":"http:\/\/www.ernestohernandez.org\/index.php?rest_route=\/wp\/v2\/pages\/871\/revisions\/5354"}],"up":[{"embeddable":true,"href":"http:\/\/www.ernestohernandez.org\/index.php?rest_route=\/wp\/v2\/pages\/660"}],"wp:attachment":[{"href":"http:\/\/www.ernestohernandez.org\/index.php?rest_route=%2Fwp%2Fv2%2Fmedia&parent=871"}],"curies":[{"name":"wp","href":"https:\/\/api.w.org\/{rel}","templated":true}]}}